{"id":2233,"date":"2024-02-22T11:21:45","date_gmt":"2024-02-22T11:21:45","guid":{"rendered":"https:\/\/lightkeeperbooks.com\/?page_id=2233"},"modified":"2024-02-22T11:25:14","modified_gmt":"2024-02-22T11:25:14","slug":"lecciones-para-lightkeepers","status":"publish","type":"page","link":"https:\/\/lightkeeperbooks.com\/index.php\/lecciones-para-lightkeepers\/","title":{"rendered":"Lecciones para Lightkeepers"},"content":{"rendered":"\t\t<div data-elementor-type=\"wp-page\" data-elementor-id=\"2233\" class=\"elementor elementor-2233\">\n\t\t\t\t\t\t<section class=\"elementor-section elementor-top-section elementor-element elementor-element-264df16 elementor-section-full_width elementor-section-height-default elementor-section-height-default\" data-id=\"264df16\" data-element_type=\"section\" data-e-type=\"section\" data-settings=\"{&quot;background_background&quot;:&quot;classic&quot;}\">\n\t\t\t\t\t\t\t<div class=\"elementor-background-overlay\"><\/div>\n\t\t\t\t\t\t\t<div class=\"elementor-container elementor-column-gap-no\">\n\t\t\t\t\t<div class=\"elementor-column elementor-col-100 elementor-top-column elementor-element elementor-element-74a345de\" data-id=\"74a345de\" data-element_type=\"column\" data-e-type=\"column\" data-settings=\"{&quot;background_background&quot;:&quot;gradient&quot;}\">\n\t\t\t<div class=\"elementor-widget-wrap elementor-element-populated\">\n\t\t\t\t\t<div class=\"elementor-background-overlay\"><\/div>\n\t\t\t\t\t\t<div class=\"elementor-element elementor-element-59cdfe71 elementor-invisible elementor-widget elementor-widget-heading\" data-id=\"59cdfe71\" data-element_type=\"widget\" data-e-type=\"widget\" data-settings=\"{&quot;_animation&quot;:&quot;fadeInUp&quot;}\" data-widget_type=\"heading.default\">\n\t\t\t\t<div class=\"elementor-widget-container\">\n\t\t\t\t\t<h1 class=\"elementor-heading-title elementor-size-default\">Add Your Heading Text Here<\/h1>\t\t\t\t<\/div>\n\t\t\t\t<\/div>\n\t\t\t\t<div class=\"elementor-element elementor-element-555ceb67 elementor-icon-list--layout-inline elementor-align-center elementor-list-item-link-full_width elementor-widget elementor-widget-icon-list\" data-id=\"555ceb67\" data-element_type=\"widget\" data-e-type=\"widget\" data-widget_type=\"icon-list.default\">\n\t\t\t\t<div class=\"elementor-widget-container\">\n\t\t\t\t\t\t\t<ul class=\"elementor-icon-list-items elementor-inline-items\">\n\t\t\t\t\t\t\t<li class=\"elementor-icon-list-item elementor-inline-item\">\n\t\t\t\t\t\t\t\t\t\t\t<span class=\"elementor-icon-list-icon\">\n\t\t\t\t\t\t\t<svg aria-hidden=\"true\" class=\"e-font-icon-svg e-fas-home\" viewBox=\"0 0 576 512\" xmlns=\"http:\/\/www.w3.org\/2000\/svg\"><path d=\"M280.37 148.26L96 300.11V464a16 16 0 0 0 16 16l112.06-.29a16 16 0 0 0 15.92-16V368a16 16 0 0 1 16-16h64a16 16 0 0 1 16 16v95.64a16 16 0 0 0 16 16.05L464 480a16 16 0 0 0 16-16V300L295.67 148.26a12.19 12.19 0 0 0-15.3 0zM571.6 251.47L488 182.56V44.05a12 12 0 0 0-12-12h-56a12 12 0 0 0-12 12v72.61L318.47 43a48 48 0 0 0-61 0L4.34 251.47a12 12 0 0 0-1.6 16.9l25.5 31A12 12 0 0 0 45.15 301l235.22-193.74a12.19 12.19 0 0 1 15.3 0L530.9 301a12 12 0 0 0 16.9-1.6l25.5-31a12 12 0 0 0-1.7-16.93z\"><\/path><\/svg>\t\t\t\t\t\t<\/span>\n\t\t\t\t\t\t\t\t\t\t<span class=\"elementor-icon-list-text\">Home<\/span>\n\t\t\t\t\t\t\t\t\t<\/li>\n\t\t\t\t\t\t\t\t<li class=\"elementor-icon-list-item elementor-inline-item\">\n\t\t\t\t\t\t\t\t\t\t\t<span class=\"elementor-icon-list-icon\">\n\t\t\t\t\t\t\t<svg aria-hidden=\"true\" class=\"e-font-icon-svg e-fas-angle-right\" viewBox=\"0 0 256 512\" xmlns=\"http:\/\/www.w3.org\/2000\/svg\"><path d=\"M224.3 273l-136 136c-9.4 9.4-24.6 9.4-33.9 0l-22.6-22.6c-9.4-9.4-9.4-24.6 0-33.9l96.4-96.4-96.4-96.4c-9.4-9.4-9.4-24.6 0-33.9L54.3 103c9.4-9.4 24.6-9.4 33.9 0l136 136c9.5 9.4 9.5 24.6.1 34z\"><\/path><\/svg>\t\t\t\t\t\t<\/span>\n\t\t\t\t\t\t\t\t\t\t<span class=\"elementor-icon-list-text\">List Item #2<\/span>\n\t\t\t\t\t\t\t\t\t<\/li>\n\t\t\t\t\t\t<\/ul>\n\t\t\t\t\t\t<\/div>\n\t\t\t\t<\/div>\n\t\t\t\t\t<\/div>\n\t\t<\/div>\n\t\t\t\t\t<\/div>\n\t\t<\/section>\n\t\t\t\t<section class=\"elementor-section elementor-top-section elementor-element elementor-element-1c97c5ac elementor-section-boxed elementor-section-height-default elementor-section-height-default\" data-id=\"1c97c5ac\" data-element_type=\"section\" data-e-type=\"section\">\n\t\t\t\t\t\t<div class=\"elementor-container elementor-column-gap-no\">\n\t\t\t\t\t<div class=\"elementor-column elementor-col-100 elementor-top-column elementor-element elementor-element-3cfd14cb\" data-id=\"3cfd14cb\" data-element_type=\"column\" data-e-type=\"column\">\n\t\t\t<div class=\"elementor-widget-wrap elementor-element-populated\">\n\t\t\t\t\t\t<section class=\"elementor-section elementor-inner-section elementor-element elementor-element-3b5c69a8 elementor-section-boxed elementor-section-height-default elementor-section-height-default\" data-id=\"3b5c69a8\" data-element_type=\"section\" data-e-type=\"section\">\n\t\t\t\t\t\t<div class=\"elementor-container elementor-column-gap-no\">\n\t\t\t\t\t<div class=\"elementor-column elementor-col-100 elementor-inner-column elementor-element elementor-element-6d3da593\" data-id=\"6d3da593\" data-element_type=\"column\" data-e-type=\"column\">\n\t\t\t<div class=\"elementor-widget-wrap elementor-element-populated\">\n\t\t\t\t\t\t<div class=\"elementor-element elementor-element-5a0b9746 elementor-invisible elementor-widget elementor-widget-heading\" data-id=\"5a0b9746\" data-element_type=\"widget\" data-e-type=\"widget\" data-settings=\"{&quot;_animation&quot;:&quot;fadeInUp&quot;}\" data-widget_type=\"heading.default\">\n\t\t\t\t<div class=\"elementor-widget-container\">\n\t\t\t\t\t<h2 class=\"elementor-heading-title elementor-size-default\">Reflexiones M\u00e1s All\u00e1 de la Portada<\/h2>\t\t\t\t<\/div>\n\t\t\t\t<\/div>\n\t\t\t\t<div class=\"elementor-element elementor-element-704ad51a elementor-widget elementor-widget-text-editor\" data-id=\"704ad51a\" data-element_type=\"widget\" data-e-type=\"widget\" data-widget_type=\"text-editor.default\">\n\t\t\t\t<div class=\"elementor-widget-container\">\n\t\t\t\t\t\t\t\t\t<p>Sum\u00e9rgete en las profundidades m\u00e1s all\u00e1 de la palabra escrita, reflexionando sobre los temas que se entrelazan en nuestras historias e invitando tu voz en nuestro viaje creativo.<\/p>\t\t\t\t\t\t\t\t<\/div>\n\t\t\t\t<\/div>\n\t\t\t\t\t<\/div>\n\t\t<\/div>\n\t\t\t\t\t<\/div>\n\t\t<\/section>\n\t\t\t\t<div class=\"elementor-element elementor-element-288e2870 elementor-invisible elementor-widget elementor-widget-posts\" data-id=\"288e2870\" data-element_type=\"widget\" data-e-type=\"widget\" data-settings=\"{&quot;_animation&quot;:&quot;fadeInUp&quot;}\" data-widget_type=\"posts.cards\">\n\t\t\t\t<div class=\"elementor-widget-container\">\n\t\t\t\t\t \t\t\t\t<\/div>\n\t\t\t\t<\/div>\n\t\t\t\t\t<\/div>\n\t\t<\/div>\n\t\t\t\t\t<\/div>\n\t\t<\/section>\n\t\t\t\t<\/div>\n\t\t","protected":false},"excerpt":{"rendered":"<p>Home Reflexiones M\u00e1s All\u00e1 de la Portada Sum\u00e9rgete en las profundidades m\u00e1s all\u00e1 de la palabra escrita, reflexionando sobre los temas que se entrelazan en nuestras historias e invitando tu voz en nuestro viaje creativo.<\/p>\n","protected":false},"author":1,"featured_media":0,"parent":0,"menu_order":0,"comment_status":"closed","ping_status":"closed","template":"","meta":{"_angie_page":false,"footnotes":""},"class_list":["post-2233","page","type-page","status-publish","hentry"],"yoast_head":"<!-- This site is optimized with the Yoast SEO plugin v27.3 - https:\/\/yoast.com\/product\/yoast-seo-wordpress\/ -->\n<title>Lecciones para Lightkeepers - LIGHTKEEPER BOOKS<\/title>\n<meta name=\"robots\" content=\"index, follow, max-snippet:-1, max-image-preview:large, max-video-preview:-1\" \/>\n<link rel=\"canonical\" href=\"https:\/\/lightkeeperbooks.com\/index.php\/lecciones-para-lightkeepers\/\" \/>\n<meta property=\"og:locale\" content=\"en_US\" \/>\n<meta property=\"og:type\" content=\"article\" \/>\n<meta property=\"og:title\" content=\"Lecciones para Lightkeepers - LIGHTKEEPER BOOKS\" \/>\n<meta property=\"og:description\" content=\"Home Reflexiones M\u00e1s All\u00e1 de la Portada Sum\u00e9rgete en las profundidades m\u00e1s all\u00e1 de la palabra escrita, reflexionando sobre los temas que se entrelazan en nuestras historias e invitando tu voz en nuestro viaje creativo.\" \/>\n<meta property=\"og:url\" content=\"https:\/\/lightkeeperbooks.com\/index.php\/lecciones-para-lightkeepers\/\" \/>\n<meta property=\"og:site_name\" content=\"LIGHTKEEPER BOOKS\" \/>\n<meta property=\"article:publisher\" content=\"https:\/\/www.facebook.com\/lightkeeperbooks\" \/>\n<meta property=\"article:modified_time\" content=\"2024-02-22T11:25:14+00:00\" \/>\n<meta name=\"twitter:card\" content=\"summary_large_image\" \/>\n<script type=\"application\/ld+json\" class=\"yoast-schema-graph\">{\"@context\":\"https:\\\/\\\/schema.org\",\"@graph\":[{\"@type\":\"WebPage\",\"@id\":\"https:\\\/\\\/lightkeeperbooks.com\\\/index.php\\\/lecciones-para-lightkeepers\\\/\",\"url\":\"https:\\\/\\\/lightkeeperbooks.com\\\/index.php\\\/lecciones-para-lightkeepers\\\/\",\"name\":\"Lecciones para Lightkeepers - LIGHTKEEPER BOOKS\",\"isPartOf\":{\"@id\":\"https:\\\/\\\/lightkeeperbooks.com\\\/#website\"},\"datePublished\":\"2024-02-22T11:21:45+00:00\",\"dateModified\":\"2024-02-22T11:25:14+00:00\",\"breadcrumb\":{\"@id\":\"https:\\\/\\\/lightkeeperbooks.com\\\/index.php\\\/lecciones-para-lightkeepers\\\/#breadcrumb\"},\"inLanguage\":\"en-US\",\"potentialAction\":[{\"@type\":\"ReadAction\",\"target\":[\"https:\\\/\\\/lightkeeperbooks.com\\\/index.php\\\/lecciones-para-lightkeepers\\\/\"]}]},{\"@type\":\"BreadcrumbList\",\"@id\":\"https:\\\/\\\/lightkeeperbooks.com\\\/index.php\\\/lecciones-para-lightkeepers\\\/#breadcrumb\",\"itemListElement\":[{\"@type\":\"ListItem\",\"position\":1,\"name\":\"Home\",\"item\":\"https:\\\/\\\/lightkeeperbooks.com\\\/\"},{\"@type\":\"ListItem\",\"position\":2,\"name\":\"Lecciones para Lightkeepers\"}]},{\"@type\":\"WebSite\",\"@id\":\"https:\\\/\\\/lightkeeperbooks.com\\\/#website\",\"url\":\"https:\\\/\\\/lightkeeperbooks.com\\\/\",\"name\":\"LIGHTKEEPER BOOKS\",\"description\":\"\",\"publisher\":{\"@id\":\"https:\\\/\\\/lightkeeperbooks.com\\\/#organization\"},\"potentialAction\":[{\"@type\":\"SearchAction\",\"target\":{\"@type\":\"EntryPoint\",\"urlTemplate\":\"https:\\\/\\\/lightkeeperbooks.com\\\/?s={search_term_string}\"},\"query-input\":{\"@type\":\"PropertyValueSpecification\",\"valueRequired\":true,\"valueName\":\"search_term_string\"}}],\"inLanguage\":\"en-US\"},{\"@type\":\"Organization\",\"@id\":\"https:\\\/\\\/lightkeeperbooks.com\\\/#organization\",\"name\":\"LIGHTKEEPER BOOKS\",\"url\":\"https:\\\/\\\/lightkeeperbooks.com\\\/\",\"logo\":{\"@type\":\"ImageObject\",\"inLanguage\":\"en-US\",\"@id\":\"https:\\\/\\\/lightkeeperbooks.com\\\/#\\\/schema\\\/logo\\\/image\\\/\",\"url\":\"https:\\\/\\\/lightkeeperbooks.com\\\/wp-content\\\/uploads\\\/2023\\\/12\\\/LKP_Hrzt_Color.png\",\"contentUrl\":\"https:\\\/\\\/lightkeeperbooks.com\\\/wp-content\\\/uploads\\\/2023\\\/12\\\/LKP_Hrzt_Color.png\",\"width\":1837,\"height\":379,\"caption\":\"LIGHTKEEPER BOOKS\"},\"image\":{\"@id\":\"https:\\\/\\\/lightkeeperbooks.com\\\/#\\\/schema\\\/logo\\\/image\\\/\"},\"sameAs\":[\"https:\\\/\\\/www.facebook.com\\\/lightkeeperbooks\"]}]}<\/script>\n<!-- \/ Yoast SEO plugin. -->","yoast_head_json":{"title":"Lecciones para Lightkeepers - LIGHTKEEPER BOOKS","robots":{"index":"index","follow":"follow","max-snippet":"max-snippet:-1","max-image-preview":"max-image-preview:large","max-video-preview":"max-video-preview:-1"},"canonical":"https:\/\/lightkeeperbooks.com\/index.php\/lecciones-para-lightkeepers\/","og_locale":"en_US","og_type":"article","og_title":"Lecciones para Lightkeepers - LIGHTKEEPER BOOKS","og_description":"Home Reflexiones M\u00e1s All\u00e1 de la Portada Sum\u00e9rgete en las profundidades m\u00e1s all\u00e1 de la palabra escrita, reflexionando sobre los temas que se entrelazan en nuestras historias e invitando tu voz en nuestro viaje creativo.","og_url":"https:\/\/lightkeeperbooks.com\/index.php\/lecciones-para-lightkeepers\/","og_site_name":"LIGHTKEEPER BOOKS","article_publisher":"https:\/\/www.facebook.com\/lightkeeperbooks","article_modified_time":"2024-02-22T11:25:14+00:00","twitter_card":"summary_large_image","schema":{"@context":"https:\/\/schema.org","@graph":[{"@type":"WebPage","@id":"https:\/\/lightkeeperbooks.com\/index.php\/lecciones-para-lightkeepers\/","url":"https:\/\/lightkeeperbooks.com\/index.php\/lecciones-para-lightkeepers\/","name":"Lecciones para Lightkeepers - LIGHTKEEPER BOOKS","isPartOf":{"@id":"https:\/\/lightkeeperbooks.com\/#website"},"datePublished":"2024-02-22T11:21:45+00:00","dateModified":"2024-02-22T11:25:14+00:00","breadcrumb":{"@id":"https:\/\/lightkeeperbooks.com\/index.php\/lecciones-para-lightkeepers\/#breadcrumb"},"inLanguage":"en-US","potentialAction":[{"@type":"ReadAction","target":["https:\/\/lightkeeperbooks.com\/index.php\/lecciones-para-lightkeepers\/"]}]},{"@type":"BreadcrumbList","@id":"https:\/\/lightkeeperbooks.com\/index.php\/lecciones-para-lightkeepers\/#breadcrumb","itemListElement":[{"@type":"ListItem","position":1,"name":"Home","item":"https:\/\/lightkeeperbooks.com\/"},{"@type":"ListItem","position":2,"name":"Lecciones para Lightkeepers"}]},{"@type":"WebSite","@id":"https:\/\/lightkeeperbooks.com\/#website","url":"https:\/\/lightkeeperbooks.com\/","name":"LIGHTKEEPER BOOKS","description":"","publisher":{"@id":"https:\/\/lightkeeperbooks.com\/#organization"},"potentialAction":[{"@type":"SearchAction","target":{"@type":"EntryPoint","urlTemplate":"https:\/\/lightkeeperbooks.com\/?s={search_term_string}"},"query-input":{"@type":"PropertyValueSpecification","valueRequired":true,"valueName":"search_term_string"}}],"inLanguage":"en-US"},{"@type":"Organization","@id":"https:\/\/lightkeeperbooks.com\/#organization","name":"LIGHTKEEPER BOOKS","url":"https:\/\/lightkeeperbooks.com\/","logo":{"@type":"ImageObject","inLanguage":"en-US","@id":"https:\/\/lightkeeperbooks.com\/#\/schema\/logo\/image\/","url":"https:\/\/lightkeeperbooks.com\/wp-content\/uploads\/2023\/12\/LKP_Hrzt_Color.png","contentUrl":"https:\/\/lightkeeperbooks.com\/wp-content\/uploads\/2023\/12\/LKP_Hrzt_Color.png","width":1837,"height":379,"caption":"LIGHTKEEPER BOOKS"},"image":{"@id":"https:\/\/lightkeeperbooks.com\/#\/schema\/logo\/image\/"},"sameAs":["https:\/\/www.facebook.com\/lightkeeperbooks"]}]}},"lang":"es","translations":{"es":2233,"en":290},"pll_sync_post":[],"_links":{"self":[{"href":"https:\/\/lightkeeperbooks.com\/index.php\/wp-json\/wp\/v2\/pages\/2233","targetHints":{"allow":["GET"]}}],"collection":[{"href":"https:\/\/lightkeeperbooks.com\/index.php\/wp-json\/wp\/v2\/pages"}],"about":[{"href":"https:\/\/lightkeeperbooks.com\/index.php\/wp-json\/wp\/v2\/types\/page"}],"author":[{"embeddable":true,"href":"https:\/\/lightkeeperbooks.com\/index.php\/wp-json\/wp\/v2\/users\/1"}],"replies":[{"embeddable":true,"href":"https:\/\/lightkeeperbooks.com\/index.php\/wp-json\/wp\/v2\/comments?post=2233"}],"version-history":[{"count":5,"href":"https:\/\/lightkeeperbooks.com\/index.php\/wp-json\/wp\/v2\/pages\/2233\/revisions"}],"predecessor-version":[{"id":2240,"href":"https:\/\/lightkeeperbooks.com\/index.php\/wp-json\/wp\/v2\/pages\/2233\/revisions\/2240"}],"wp:attachment":[{"href":"https:\/\/lightkeeperbooks.com\/index.php\/wp-json\/wp\/v2\/media?parent=2233"}],"curies":[{"name":"wp","href":"https:\/\/api.w.org\/{rel}","templated":true}]}}