{"id":2822,"date":"2026-02-09T03:52:48","date_gmt":"2026-02-09T03:52:48","guid":{"rendered":"https:\/\/lightkeeperbooks.com\/index.php\/personal-growth-and-leadership\/"},"modified":"2026-02-09T03:52:48","modified_gmt":"2026-02-09T03:52:48","slug":"personal-growth-and-leadership","status":"publish","type":"page","link":"https:\/\/lightkeeperbooks.com\/index.php\/personal-growth-and-leadership\/","title":{"rendered":"Personal Growth"},"content":{"rendered":"<h1 dir=\"auto\">Personal Growth<\/h1>\n<h3 dir=\"auto\">Series<\/h3>\n<p><img decoding=\"async\" src=\"https:\/\/lightkeeperbooks.com\/wp-content\/uploads\/2026\/02\/csh-e1-fil-cover-kdp-dOqaXXo1Jzu8KZZ3.jpg\" alt=\"\" \/><\/p>\n<h5 dir=\"auto\"><strong>Fear is a Liar<\/strong><\/h5>\n<p class=\"body\" dir=\"auto\"><span>If anxiety and fear are stealing your peace, this book offers a biblical plan to reclaim your confidence. Through the LOVE Plan, Dr. Lancaster shows how to quiet anxious thoughts, build spiritual strength, and experience God&#8217;s love. Practical, scriptural, and deeply encouraging for everyday life.<\/span><\/p>\n<p><img decoding=\"async\" src=\"https:\/\/lightkeeperbooks.com\/wp-content\/uploads\/2026\/02\/csh-s1-fil-cover-kdp-YX4lZZpg60U07DG4.jpg\" alt=\"\" \/><\/p>\n<h5 dir=\"auto\">El Miedo es un Mentiroso<\/h5>\n<p class=\"body\" dir=\"auto\"><span>Si la ansiedad y el temor han robado tu paz, este libro ofrece un plan b\u00edblico para enfrentarlos con amor. El Dr. Lancaster explora el origen del miedo y c\u00f3mo superarlo con pasos pr\u00e1cticos y fe s\u00f3lida. Recupera tu confianza, renueva tu mente y experimenta verdadera libertad espiritual.<\/span><\/p>\n<p><img decoding=\"async\" src=\"https:\/\/lightkeeperbooks.com\/wp-content\/uploads\/2026\/02\/csh-g1-fil-cover-kdp-mp8WXXVKp3CJZx7q.jpg\" alt=\"\" \/><\/p>\n<h5 dir=\"auto\">Furcht ist ein L\u00fcgner<\/h5>\n<p class=\"body\" dir=\"auto\"><span>Leiden Sie unter \u00c4ngsten oder Sorgen? In diesem Buch zeigt Dr. Lancaster anhand eines biblischen Plans, wie Sie Ihre \u00c4ngste \u00fcberwinden und neues Vertrauen gewinnen k\u00f6nnen. Durch einfache Schritte entdecken Sie Gottes Liebe, finden innere Ruhe und erleben weniger Angst und mehr Hoffnung im Alltag.<\/span><\/p>\n<p><img decoding=\"async\" src=\"https:\/\/lightkeeperbooks.com\/wp-content\/uploads\/2026\/02\/csh-e2-sil-cover-kdp-dOqaXXo1eqSpVBkW.jpg\" alt=\"\" \/><\/p>\n<h5 dir=\"auto\"><strong>Shame is a Liar<\/strong><\/h5>\n<p class=\"body\" dir=\"auto\"><span>If guilt and shame are weighing you down, this book offers a biblical path to freedom. With honesty and compassion, Dr. Lancaster shares the YES plan\u2014a simple, healing approach to overcome self-doubt, rejection, and regret so you can embrace peace, joy, and God\u2019s truth in every part of your life.<\/span><\/p>\n<p><img decoding=\"async\" src=\"https:\/\/lightkeeperbooks.com\/wp-content\/uploads\/2026\/02\/csh-s2-sil-cover-kdp-YBg7ooKXWxcXxxkk.jpg\" alt=\"\" \/><\/p>\n<h5 dir=\"auto\">La Verg\u00fcenza es una Mentirosa<\/h5>\n<p class=\"body\" dir=\"auto\"><span>\u00bfTe abruman la culpa y la verg\u00fcenza? Este libro presenta el plan S\u00cd, una gu\u00eda b\u00edblica y pr\u00e1ctica para liberarte del ciclo de la verg\u00fcenza. Con honestidad y esperanza, el Dr. Lancaster te muestra c\u00f3mo decirle s\u00ed a Dios y no a la verg\u00fcenza, sanando heridas profundas y restaurando tu identidad en Cristo.<\/span><\/p>\n<p><img decoding=\"async\" src=\"https:\/\/lightkeeperbooks.com\/wp-content\/uploads\/2026\/02\/csh-e3-dil-cover-kdp-d951EEVjKxHx1WaX.jpg\" alt=\"\" \/><\/p>\n<h5 dir=\"auto\"><strong>Death is a Liar<\/strong><\/h5>\n<p class=\"body\" dir=\"auto\"><span>Grieving the loss of a spouse can shake your faith and leave you feeling lost. In this honest and hopeful book, you&#8217;ll find a biblical path for healing, including prayer, understanding of grief, and practical steps using the GROW plan. Perfect for widows, widowers, and anyone walking through sorrow.<\/span><\/p>\n<p><img decoding=\"async\" src=\"https:\/\/lightkeeperbooks.com\/wp-content\/uploads\/2026\/02\/csh-s3-dil-cover-kdp-A85e660XgPhMjM1N.jpg\" alt=\"\" \/><\/p>\n<h5 dir=\"auto\"><strong>La Muerte es una Mentirosa<\/strong><\/h5>\n<p class=\"body\" dir=\"auto\"><span>\u00bfTe duele el alma por la p\u00e9rdida de tu ser querido? Este libro ofrece un plan b\u00edblico y compasivo para sanar el duelo. A trav\u00e9s del plan CRECER, encontrar\u00e1s esperanza, consuelo en Dios, y pasos pr\u00e1cticos para avanzar sin quedarte atrapado en la tristeza. Especialmente \u00fatil para viudos y viudas.<\/span><\/p>\n<p><img decoding=\"async\" src=\"https:\/\/lightkeeperbooks.com\/wp-content\/uploads\/2026\/02\/csh-e4-stl-cover-kdp-d951EEV2nnSO0gQ1.jpg\" alt=\"\" \/><\/p>\n<h5 dir=\"auto\"><strong>Satan is a Liar<\/strong><\/h5>\n<p class=\"body\" dir=\"auto\"><span>Exposing the enemy\u2019s tactics, this powerful guide reveals how narcissism\u2014rooted in Satan\u2019s lies\u2014distorts identity and breeds confusion. With biblical truth and practical tools, you&#8217;ll learn to break free from manipulation, stand firm in faith, and reclaim the life God intended for you.<\/span><\/p>\n<p><img decoding=\"async\" src=\"https:\/\/lightkeeperbooks.com\/wp-content\/uploads\/2026\/02\/coming_soon_placeholder_6x9-A0xl4elRg5TX9RJX.png\" alt=\"\" \/><\/p>\n<h5 dir=\"auto\">Satan\u00e1s es un Mentiroso<\/h5>\n<p class=\"body\" dir=\"auto\"><span>Al desenmascarar las t\u00e1cticas del enemigo, esta poderosa gu\u00eda revela c\u00f3mo el narcisismo\u2014arraigado en las mentiras de Satan\u00e1s\u2014distorsiona la identidad y siembra confusi\u00f3n.<\/span><\/p>\n<p class=\"body\" dir=\"auto\"><span>A la luz de la verdad b\u00edblica y con herramientas pr\u00e1cticas, aprender\u00e1s a liberarte de la manipulaci\u00f3n, mantenerte firme en la fe y recuperar la vida que Dios ha dise\u00f1ado para ti.<\/span><\/p>\n<p><img decoding=\"async\" src=\"https:\/\/lightkeeperbooks.com\/wp-content\/uploads\/2026\/02\/csh-e5-cyf-cover-kdp-m2W8bb0engf1OED7.jpg\" alt=\"\" \/><\/p>\n<h5 dir=\"auto\"><strong>Crush Your Fears<\/strong><\/h5>\n<p class=\"body\" dir=\"auto\"><span>Struggling with anxiety? This book gathers 100 powerful promises from God\u2019s Word to help you overcome fear, negative thoughts, and self-doubt. Discover peace, clarity, and confidence through Scripture as you break free from worry and step into a life filled with purpose, faith, and freedom.<\/span><\/p>\n<p><img decoding=\"async\" src=\"https:\/\/lightkeeperbooks.com\/wp-content\/uploads\/2026\/02\/csh-s5-cyf-cover-kdp-Yan122VKJGuXMq8a.png\" alt=\"\" \/><\/p>\n<h5 dir=\"auto\">Destroza tus Miedos<\/h5>\n<p class=\"body\" dir=\"auto\"><span>\u00bfLuchas con la ansiedad? Este libro re\u00fane 100 poderosas promesas de la Palabra de Dios para ayudarte a vencer el temor, los pensamientos negativos y la inseguridad. Descubre paz, claridad y confianza por medio de las Escrituras mientras te liberas de la preocupaci\u00f3n y entras en una vida llena de prop\u00f3sito, fe y libertad.<\/span><\/p>\n","protected":false},"excerpt":{"rendered":"<p>Personal Growth Series Fear is a Liar If anxiety and fear are stealing your peace, this book offers a biblical plan to reclaim your confidence. Through the LOVE Plan, Dr. Lancaster shows how to quiet anxious thoughts, build spiritual strength, and experience God&#8217;s love. Practical, scriptural, and deeply encouraging for everyday life. El Miedo es [&hellip;]<\/p>\n","protected":false},"author":1,"featured_media":0,"parent":0,"menu_order":0,"comment_status":"closed","ping_status":"closed","template":"","meta":{"_angie_page":false,"footnotes":""},"class_list":["post-2822","page","type-page","status-publish","hentry"],"yoast_head":"<!-- This site is optimized with the Yoast SEO plugin v27.4 - https:\/\/yoast.com\/product\/yoast-seo-wordpress\/ -->\n<title>Personal Growth - LIGHTKEEPER BOOKS<\/title>\n<meta name=\"robots\" content=\"index, follow, max-snippet:-1, max-image-preview:large, max-video-preview:-1\" \/>\n<link rel=\"canonical\" href=\"https:\/\/lightkeeperbooks.com\/index.php\/personal-growth-and-leadership\/\" \/>\n<meta property=\"og:locale\" content=\"en_US\" \/>\n<meta property=\"og:type\" content=\"article\" \/>\n<meta property=\"og:title\" content=\"Personal Growth - LIGHTKEEPER BOOKS\" \/>\n<meta property=\"og:description\" content=\"Personal Growth Series Fear is a Liar If anxiety and fear are stealing your peace, this book offers a biblical plan to reclaim your confidence. Through the LOVE Plan, Dr. Lancaster shows how to quiet anxious thoughts, build spiritual strength, and experience God&#8217;s love. Practical, scriptural, and deeply encouraging for everyday life. El Miedo es [&hellip;]\" \/>\n<meta property=\"og:url\" content=\"https:\/\/lightkeeperbooks.com\/index.php\/personal-growth-and-leadership\/\" \/>\n<meta property=\"og:site_name\" content=\"LIGHTKEEPER BOOKS\" \/>\n<meta property=\"article:publisher\" content=\"https:\/\/www.facebook.com\/lightkeeperbooks\" \/>\n<meta property=\"og:image\" content=\"https:\/\/lightkeeperbooks.com\/wp-content\/uploads\/2026\/02\/csh-e1-fil-cover-kdp-dOqaXXo1Jzu8KZZ3.jpg\" \/>\n<meta name=\"twitter:card\" content=\"summary_large_image\" \/>\n<meta name=\"twitter:label1\" content=\"Est. reading time\" \/>\n\t<meta name=\"twitter:data1\" content=\"3 minutes\" \/>\n<script type=\"application\/ld+json\" class=\"yoast-schema-graph\">{\"@context\":\"https:\\\/\\\/schema.org\",\"@graph\":[{\"@type\":\"WebPage\",\"@id\":\"https:\\\/\\\/lightkeeperbooks.com\\\/index.php\\\/personal-growth-and-leadership\\\/\",\"url\":\"https:\\\/\\\/lightkeeperbooks.com\\\/index.php\\\/personal-growth-and-leadership\\\/\",\"name\":\"Personal Growth - LIGHTKEEPER BOOKS\",\"isPartOf\":{\"@id\":\"https:\\\/\\\/lightkeeperbooks.com\\\/#website\"},\"primaryImageOfPage\":{\"@id\":\"https:\\\/\\\/lightkeeperbooks.com\\\/index.php\\\/personal-growth-and-leadership\\\/#primaryimage\"},\"image\":{\"@id\":\"https:\\\/\\\/lightkeeperbooks.com\\\/index.php\\\/personal-growth-and-leadership\\\/#primaryimage\"},\"thumbnailUrl\":\"https:\\\/\\\/lightkeeperbooks.com\\\/wp-content\\\/uploads\\\/2026\\\/02\\\/csh-e1-fil-cover-kdp-dOqaXXo1Jzu8KZZ3.jpg\",\"datePublished\":\"2026-02-09T03:52:48+00:00\",\"breadcrumb\":{\"@id\":\"https:\\\/\\\/lightkeeperbooks.com\\\/index.php\\\/personal-growth-and-leadership\\\/#breadcrumb\"},\"inLanguage\":\"en-US\",\"potentialAction\":[{\"@type\":\"ReadAction\",\"target\":[\"https:\\\/\\\/lightkeeperbooks.com\\\/index.php\\\/personal-growth-and-leadership\\\/\"]}]},{\"@type\":\"ImageObject\",\"inLanguage\":\"en-US\",\"@id\":\"https:\\\/\\\/lightkeeperbooks.com\\\/index.php\\\/personal-growth-and-leadership\\\/#primaryimage\",\"url\":\"https:\\\/\\\/lightkeeperbooks.com\\\/wp-content\\\/uploads\\\/2026\\\/02\\\/csh-e1-fil-cover-kdp-dOqaXXo1Jzu8KZZ3.jpg\",\"contentUrl\":\"https:\\\/\\\/lightkeeperbooks.com\\\/wp-content\\\/uploads\\\/2026\\\/02\\\/csh-e1-fil-cover-kdp-dOqaXXo1Jzu8KZZ3.jpg\",\"width\":1350,\"height\":2160},{\"@type\":\"BreadcrumbList\",\"@id\":\"https:\\\/\\\/lightkeeperbooks.com\\\/index.php\\\/personal-growth-and-leadership\\\/#breadcrumb\",\"itemListElement\":[{\"@type\":\"ListItem\",\"position\":1,\"name\":\"Home\",\"item\":\"https:\\\/\\\/lightkeeperbooks.com\\\/\"},{\"@type\":\"ListItem\",\"position\":2,\"name\":\"Personal Growth\"}]},{\"@type\":\"WebSite\",\"@id\":\"https:\\\/\\\/lightkeeperbooks.com\\\/#website\",\"url\":\"https:\\\/\\\/lightkeeperbooks.com\\\/\",\"name\":\"LIGHTKEEPER BOOKS\",\"description\":\"\",\"publisher\":{\"@id\":\"https:\\\/\\\/lightkeeperbooks.com\\\/#organization\"},\"potentialAction\":[{\"@type\":\"SearchAction\",\"target\":{\"@type\":\"EntryPoint\",\"urlTemplate\":\"https:\\\/\\\/lightkeeperbooks.com\\\/?s={search_term_string}\"},\"query-input\":{\"@type\":\"PropertyValueSpecification\",\"valueRequired\":true,\"valueName\":\"search_term_string\"}}],\"inLanguage\":\"en-US\"},{\"@type\":\"Organization\",\"@id\":\"https:\\\/\\\/lightkeeperbooks.com\\\/#organization\",\"name\":\"LIGHTKEEPER BOOKS\",\"url\":\"https:\\\/\\\/lightkeeperbooks.com\\\/\",\"logo\":{\"@type\":\"ImageObject\",\"inLanguage\":\"en-US\",\"@id\":\"https:\\\/\\\/lightkeeperbooks.com\\\/#\\\/schema\\\/logo\\\/image\\\/\",\"url\":\"https:\\\/\\\/lightkeeperbooks.com\\\/wp-content\\\/uploads\\\/2023\\\/12\\\/LKP_Hrzt_Color.png\",\"contentUrl\":\"https:\\\/\\\/lightkeeperbooks.com\\\/wp-content\\\/uploads\\\/2023\\\/12\\\/LKP_Hrzt_Color.png\",\"width\":1837,\"height\":379,\"caption\":\"LIGHTKEEPER BOOKS\"},\"image\":{\"@id\":\"https:\\\/\\\/lightkeeperbooks.com\\\/#\\\/schema\\\/logo\\\/image\\\/\"},\"sameAs\":[\"https:\\\/\\\/www.facebook.com\\\/lightkeeperbooks\"]}]}<\/script>\n<!-- \/ Yoast SEO plugin. -->","yoast_head_json":{"title":"Personal Growth - LIGHTKEEPER BOOKS","robots":{"index":"index","follow":"follow","max-snippet":"max-snippet:-1","max-image-preview":"max-image-preview:large","max-video-preview":"max-video-preview:-1"},"canonical":"https:\/\/lightkeeperbooks.com\/index.php\/personal-growth-and-leadership\/","og_locale":"en_US","og_type":"article","og_title":"Personal Growth - LIGHTKEEPER BOOKS","og_description":"Personal Growth Series Fear is a Liar If anxiety and fear are stealing your peace, this book offers a biblical plan to reclaim your confidence. Through the LOVE Plan, Dr. Lancaster shows how to quiet anxious thoughts, build spiritual strength, and experience God&#8217;s love. Practical, scriptural, and deeply encouraging for everyday life. El Miedo es [&hellip;]","og_url":"https:\/\/lightkeeperbooks.com\/index.php\/personal-growth-and-leadership\/","og_site_name":"LIGHTKEEPER BOOKS","article_publisher":"https:\/\/www.facebook.com\/lightkeeperbooks","og_image":[{"url":"https:\/\/lightkeeperbooks.com\/wp-content\/uploads\/2026\/02\/csh-e1-fil-cover-kdp-dOqaXXo1Jzu8KZZ3.jpg","type":"","width":"","height":""}],"twitter_card":"summary_large_image","twitter_misc":{"Est. reading time":"3 minutes"},"schema":{"@context":"https:\/\/schema.org","@graph":[{"@type":"WebPage","@id":"https:\/\/lightkeeperbooks.com\/index.php\/personal-growth-and-leadership\/","url":"https:\/\/lightkeeperbooks.com\/index.php\/personal-growth-and-leadership\/","name":"Personal Growth - LIGHTKEEPER BOOKS","isPartOf":{"@id":"https:\/\/lightkeeperbooks.com\/#website"},"primaryImageOfPage":{"@id":"https:\/\/lightkeeperbooks.com\/index.php\/personal-growth-and-leadership\/#primaryimage"},"image":{"@id":"https:\/\/lightkeeperbooks.com\/index.php\/personal-growth-and-leadership\/#primaryimage"},"thumbnailUrl":"https:\/\/lightkeeperbooks.com\/wp-content\/uploads\/2026\/02\/csh-e1-fil-cover-kdp-dOqaXXo1Jzu8KZZ3.jpg","datePublished":"2026-02-09T03:52:48+00:00","breadcrumb":{"@id":"https:\/\/lightkeeperbooks.com\/index.php\/personal-growth-and-leadership\/#breadcrumb"},"inLanguage":"en-US","potentialAction":[{"@type":"ReadAction","target":["https:\/\/lightkeeperbooks.com\/index.php\/personal-growth-and-leadership\/"]}]},{"@type":"ImageObject","inLanguage":"en-US","@id":"https:\/\/lightkeeperbooks.com\/index.php\/personal-growth-and-leadership\/#primaryimage","url":"https:\/\/lightkeeperbooks.com\/wp-content\/uploads\/2026\/02\/csh-e1-fil-cover-kdp-dOqaXXo1Jzu8KZZ3.jpg","contentUrl":"https:\/\/lightkeeperbooks.com\/wp-content\/uploads\/2026\/02\/csh-e1-fil-cover-kdp-dOqaXXo1Jzu8KZZ3.jpg","width":1350,"height":2160},{"@type":"BreadcrumbList","@id":"https:\/\/lightkeeperbooks.com\/index.php\/personal-growth-and-leadership\/#breadcrumb","itemListElement":[{"@type":"ListItem","position":1,"name":"Home","item":"https:\/\/lightkeeperbooks.com\/"},{"@type":"ListItem","position":2,"name":"Personal Growth"}]},{"@type":"WebSite","@id":"https:\/\/lightkeeperbooks.com\/#website","url":"https:\/\/lightkeeperbooks.com\/","name":"LIGHTKEEPER BOOKS","description":"","publisher":{"@id":"https:\/\/lightkeeperbooks.com\/#organization"},"potentialAction":[{"@type":"SearchAction","target":{"@type":"EntryPoint","urlTemplate":"https:\/\/lightkeeperbooks.com\/?s={search_term_string}"},"query-input":{"@type":"PropertyValueSpecification","valueRequired":true,"valueName":"search_term_string"}}],"inLanguage":"en-US"},{"@type":"Organization","@id":"https:\/\/lightkeeperbooks.com\/#organization","name":"LIGHTKEEPER BOOKS","url":"https:\/\/lightkeeperbooks.com\/","logo":{"@type":"ImageObject","inLanguage":"en-US","@id":"https:\/\/lightkeeperbooks.com\/#\/schema\/logo\/image\/","url":"https:\/\/lightkeeperbooks.com\/wp-content\/uploads\/2023\/12\/LKP_Hrzt_Color.png","contentUrl":"https:\/\/lightkeeperbooks.com\/wp-content\/uploads\/2023\/12\/LKP_Hrzt_Color.png","width":1837,"height":379,"caption":"LIGHTKEEPER BOOKS"},"image":{"@id":"https:\/\/lightkeeperbooks.com\/#\/schema\/logo\/image\/"},"sameAs":["https:\/\/www.facebook.com\/lightkeeperbooks"]}]}},"lang":"en","translations":{"en":2822},"pll_sync_post":[],"_links":{"self":[{"href":"https:\/\/lightkeeperbooks.com\/index.php\/wp-json\/wp\/v2\/pages\/2822","targetHints":{"allow":["GET"]}}],"collection":[{"href":"https:\/\/lightkeeperbooks.com\/index.php\/wp-json\/wp\/v2\/pages"}],"about":[{"href":"https:\/\/lightkeeperbooks.com\/index.php\/wp-json\/wp\/v2\/types\/page"}],"author":[{"embeddable":true,"href":"https:\/\/lightkeeperbooks.com\/index.php\/wp-json\/wp\/v2\/users\/1"}],"replies":[{"embeddable":true,"href":"https:\/\/lightkeeperbooks.com\/index.php\/wp-json\/wp\/v2\/comments?post=2822"}],"version-history":[{"count":0,"href":"https:\/\/lightkeeperbooks.com\/index.php\/wp-json\/wp\/v2\/pages\/2822\/revisions"}],"wp:attachment":[{"href":"https:\/\/lightkeeperbooks.com\/index.php\/wp-json\/wp\/v2\/media?parent=2822"}],"curies":[{"name":"wp","href":"https:\/\/api.w.org\/{rel}","templated":true}]}}