{"id":2895,"date":"2026-02-09T03:52:54","date_gmt":"2026-02-09T03:52:54","guid":{"rendered":"https:\/\/lightkeeperbooks.com\/index.php\/spiritual-growth\/"},"modified":"2026-02-09T03:52:54","modified_gmt":"2026-02-09T03:52:54","slug":"spiritual-growth","status":"publish","type":"page","link":"https:\/\/lightkeeperbooks.com\/index.php\/spiritual-growth\/","title":{"rendered":"Spiritual Growth"},"content":{"rendered":"<h1 dir=\"auto\">Spiritual Growth<\/h1>\n<h3 dir=\"auto\">Series<\/h3>\n<p><img decoding=\"async\" src=\"https:\/\/lightkeeperbooks.com\/wp-content\/uploads\/2026\/02\/bpp-e1-ppw-cover-kdp-mP4OXX81n5hVGlQo.jpg\" alt=\"\" \/><\/p>\n<h5 dir=\"auto\"><strong>Powerful Prayers in the War Room<\/strong><\/h5>\n<p class=\"body\" dir=\"auto\"><span>If prayer feels distant or difficult, this book offers biblical guidance and practical steps to help you grow as a prayer warrior. Drawing from 40 years of experience and the teachings of Jesus, Dr. Lancaster provides a clear path to deeper, powerful prayer that transforms your life and community.<\/span><\/p>\n<p><img decoding=\"async\" src=\"https:\/\/lightkeeperbooks.com\/wp-content\/uploads\/2026\/02\/bpp-s1-ppw-cover-kdp-A85e660L9BiwEKLV.jpg\" alt=\"\" \/><\/p>\n<h5 dir=\"auto\">Oraciones Poderosas en el Cuarto de Guerra<\/h5>\n<p class=\"body\" dir=\"auto\"><span>\u00bfAnhelas orar con poder pero no sabes c\u00f3mo empezar? Este libro te gu\u00eda paso a paso con un plan b\u00edblico para convertirte en un guerrero de oraci\u00f3n. Con ense\u00f1anzas claras y profundas, descubrir\u00e1s c\u00f3mo oraba Jes\u00fas y c\u00f3mo puedes experimentar hoy una vida de oraci\u00f3n m\u00e1s fuerte y eficaz.<\/span><\/p>\n<p><img decoding=\"async\" src=\"https:\/\/lightkeeperbooks.com\/wp-content\/uploads\/2026\/02\/bpp-p1-ppw-cover-kdp-AGB2rrKPK7Tp7GXz.jpg\" alt=\"\" \/><\/p>\n<h5 dir=\"auto\">Ora\u00e7\u00f5es Poderosas no Quarto de Guerra<\/h5>\n<p class=\"body\" dir=\"auto\"><span>Voc\u00ea quer orar, mas n\u00e3o sabe como? Este livro mostra que Deus ouve e responde. Com base em 40 anos de experi\u00eancia e nas Escrituras, Dr. Lancaster ensina m\u00e9todos simples e pr\u00e1ticos para renovar sua vida de ora\u00e7\u00e3o e experimentar o poder real da comunh\u00e3o com Deus no dia a dia.<\/span><\/p>\n<p><img decoding=\"async\" src=\"https:\/\/lightkeeperbooks.com\/wp-content\/uploads\/2026\/02\/bpp-g1-ppw-cover-kdp-Yan122VoeOi9WeNG.jpg\" alt=\"\" \/><\/p>\n<h5 dir=\"auto\">M\u00e4chtige Gebete Im Kriegsraum<\/h5>\n<p class=\"body\" dir=\"auto\"><span>Dieses Buch zeigt, wie Gebet kraftvoll und pers\u00f6nlich wird. Dr. Lancaster teilt biblische Prinzipien und praktische Schritte, um durch Kriegsraum-Gebete eine tiefere Verbindung mit Gott zu erleben. Lernen Sie, wie Jesus betete \u2013 und wie Sie mit Zuversicht und Klarheit selbst zum Gebetskrieger werden.<\/span><\/p>\n<p><img decoding=\"async\" src=\"https:\/\/lightkeeperbooks.com\/wp-content\/uploads\/2026\/02\/bpp-e2-pww-cover-kdp-AR0LllKOjQTx36pp.jpg\" alt=\"\" \/><\/p>\n<h5 dir=\"auto\"><strong>Powerful Worship in the War Room<\/strong><\/h5>\n<p class=\"body\" dir=\"auto\"><span>Feel distant from God or unsure how to grow spiritually? This book offers a simple, powerful method rooted in Scripture to help you reconnect with God\u2019s love and share it with others. With four clear steps, you\u2019ll discover how to deepen your walk with Jesus and live from a place of spiritual fullness.<\/span><\/p>\n<p><img decoding=\"async\" src=\"https:\/\/lightkeeperbooks.com\/wp-content\/uploads\/2026\/02\/bpp-s2-pww-cover-kdp-YrDWLLV55oUjMG0R.jpg\" alt=\"\" \/><\/p>\n<h5 dir=\"auto\">Potente Adoraci\u00f3n en la Cuarto de Guerra<\/h5>\n<p class=\"body\" dir=\"auto\"><span>\u00bfQuieres acercarte m\u00e1s a Dios? Este libro te gu\u00eda con un m\u00e9todo sencillo y b\u00edblico para experimentar Su amor m\u00e1s profundamente. A trav\u00e9s de cuatro pasos pr\u00e1cticos, aprender\u00e1s a amar a Dios con todo tu ser y a compartir ese amor con los dem\u00e1s, renovando as\u00ed tu relaci\u00f3n con \u00c9l.<\/span><\/p>\n<p><img decoding=\"async\" src=\"https:\/\/lightkeeperbooks.com\/wp-content\/uploads\/2026\/02\/bpp-e3-pjw-cover-kdp-YZ98nnKzEZCxg40p.jpg\" alt=\"\" \/><\/p>\n<h5 dir=\"auto\"><strong>Powerful Jesus in the War Room<\/strong><\/h5>\n<p class=\"body\" dir=\"auto\"><span>Struggling to grow closer to Jesus? This book reveals how eight portraits of Christ can reshape your view of God\u2019s love and deepen your faith. With wisdom from Scripture and years of ministry, Dr. Lancaster guides you into a more intimate, life-changing relationship with Jesus rooted in love and truth.<\/span><\/p>\n<p><img decoding=\"async\" src=\"https:\/\/lightkeeperbooks.com\/wp-content\/uploads\/2026\/02\/bpp-s3-pjw-cover-kdp-d951EEVj1oigL21X.jpg\" alt=\"\" \/><\/p>\n<h5 dir=\"auto\">Poderoso Jes\u00fas en el Cuarto de Guerra<\/h5>\n<p class=\"body\" dir=\"auto\"><span>\u00bfTe cuesta sentirte cerca de Jes\u00fas? Este libro presenta ocho retratos de Su amor que transforman tu relaci\u00f3n con Dios y con los dem\u00e1s. Con ense\u00f1anzas sencillas y profundas, aprender\u00e1s a amar como Jes\u00fas y a vivir en una cercan\u00eda real con \u00c9l, basada en la Palabra y guiada por el Esp\u00edritu.<\/span><\/p>\n<p><img decoding=\"async\" src=\"https:\/\/lightkeeperbooks.com\/wp-content\/uploads\/2026\/02\/bpp-e4-prw-cover-kdp-mePx36rZ0jhw3Do4.jpg\" alt=\"\" \/><\/p>\n<h5 dir=\"auto\"><strong>Powerful Promises in the War Room<\/strong><\/h5>\n<p class=\"body\" dir=\"auto\"><span>Facing spiritual battles alone can drain your strength and steal your confidence. This book reveals God\u2019s promises to strengthen your faith and protect your family. Building on the truths of Powerful Prayers in the War Room, it offers hope, clarity, and encouragement for every believer.<\/span><\/p>\n<p><img decoding=\"async\" src=\"https:\/\/lightkeeperbooks.com\/wp-content\/uploads\/2026\/02\/bpp-s4-prw-cover-kdp-A85e6nPJBQU1VOMD.jpg\" alt=\"\" \/><\/p>\n<h5 dir=\"auto\">Poderosas Promesas en el Cuarto de Guerra<\/h5>\n<p class=\"body\" dir=\"auto\"><span>Descubre 100 promesas de Dios que fortalecer\u00e1n tu fe y transformar\u00e1n tu vida de oraci\u00f3n. En medio de la guerra espiritual, este libro te recuerda que Dios est\u00e1 de tu lado. Aprende a orar con poder, confianza y convicci\u00f3n frente a los ataques del enemigo.<\/span><\/p>\n<p><img decoding=\"async\" src=\"https:\/\/lightkeeperbooks.com\/wp-content\/uploads\/2026\/02\/bpp-g4-prw-cover-kdp-m5KMWW0a3QiEG7vW.jpg\" alt=\"\" \/><\/p>\n<h5 dir=\"auto\">M\u00e4chtige Versprechen im Kriegsraum<\/h5>\n<p class=\"body\" dir=\"auto\"><span>Wenn Angst und geistlicher Kampf dein Vertrauen schw\u00e4chen, zeigt dieses Buch dir Gottes kraftvolle Verhei\u00dfungen. Du lernst, wie seine Zusagen deinen Glauben st\u00e4rken und dir helfen, dem B\u00f6sen standzuhalten. Eine praktische und geistlich ermutigende Hilfe f\u00fcr den Alltag und f\u00fcr deine Familie.<\/span><\/p>\n","protected":false},"excerpt":{"rendered":"<p>Spiritual Growth Series Powerful Prayers in the War Room If prayer feels distant or difficult, this book offers biblical guidance and practical steps to help you grow as a prayer warrior. Drawing from 40 years of experience and the teachings of Jesus, Dr. Lancaster provides a clear path to deeper, powerful prayer that transforms your [&hellip;]<\/p>\n","protected":false},"author":1,"featured_media":0,"parent":0,"menu_order":0,"comment_status":"closed","ping_status":"closed","template":"","meta":{"_angie_page":false,"footnotes":""},"class_list":["post-2895","page","type-page","status-publish","hentry"],"yoast_head":"<!-- This site is optimized with the Yoast SEO plugin v27.4 - https:\/\/yoast.com\/product\/yoast-seo-wordpress\/ -->\n<title>Spiritual Growth - LIGHTKEEPER BOOKS<\/title>\n<meta name=\"robots\" content=\"index, follow, max-snippet:-1, max-image-preview:large, max-video-preview:-1\" \/>\n<link rel=\"canonical\" href=\"https:\/\/lightkeeperbooks.com\/index.php\/spiritual-growth\/\" \/>\n<meta property=\"og:locale\" content=\"en_US\" \/>\n<meta property=\"og:type\" content=\"article\" \/>\n<meta property=\"og:title\" content=\"Spiritual Growth - LIGHTKEEPER BOOKS\" \/>\n<meta property=\"og:description\" content=\"Spiritual Growth Series Powerful Prayers in the War Room If prayer feels distant or difficult, this book offers biblical guidance and practical steps to help you grow as a prayer warrior. Drawing from 40 years of experience and the teachings of Jesus, Dr. Lancaster provides a clear path to deeper, powerful prayer that transforms your [&hellip;]\" \/>\n<meta property=\"og:url\" content=\"https:\/\/lightkeeperbooks.com\/index.php\/spiritual-growth\/\" \/>\n<meta property=\"og:site_name\" content=\"LIGHTKEEPER BOOKS\" \/>\n<meta property=\"article:publisher\" content=\"https:\/\/www.facebook.com\/lightkeeperbooks\" \/>\n<meta property=\"og:image\" content=\"https:\/\/lightkeeperbooks.com\/wp-content\/uploads\/2026\/02\/bpp-e1-ppw-cover-kdp-mP4OXX81n5hVGlQo.jpg\" \/>\n<meta name=\"twitter:card\" content=\"summary_large_image\" \/>\n<meta name=\"twitter:label1\" content=\"Est. reading time\" \/>\n\t<meta name=\"twitter:data1\" content=\"3 minutes\" \/>\n<script type=\"application\/ld+json\" class=\"yoast-schema-graph\">{\"@context\":\"https:\\\/\\\/schema.org\",\"@graph\":[{\"@type\":\"WebPage\",\"@id\":\"https:\\\/\\\/lightkeeperbooks.com\\\/index.php\\\/spiritual-growth\\\/\",\"url\":\"https:\\\/\\\/lightkeeperbooks.com\\\/index.php\\\/spiritual-growth\\\/\",\"name\":\"Spiritual Growth - LIGHTKEEPER BOOKS\",\"isPartOf\":{\"@id\":\"https:\\\/\\\/lightkeeperbooks.com\\\/#website\"},\"primaryImageOfPage\":{\"@id\":\"https:\\\/\\\/lightkeeperbooks.com\\\/index.php\\\/spiritual-growth\\\/#primaryimage\"},\"image\":{\"@id\":\"https:\\\/\\\/lightkeeperbooks.com\\\/index.php\\\/spiritual-growth\\\/#primaryimage\"},\"thumbnailUrl\":\"https:\\\/\\\/lightkeeperbooks.com\\\/wp-content\\\/uploads\\\/2026\\\/02\\\/bpp-e1-ppw-cover-kdp-mP4OXX81n5hVGlQo.jpg\",\"datePublished\":\"2026-02-09T03:52:54+00:00\",\"breadcrumb\":{\"@id\":\"https:\\\/\\\/lightkeeperbooks.com\\\/index.php\\\/spiritual-growth\\\/#breadcrumb\"},\"inLanguage\":\"en-US\",\"potentialAction\":[{\"@type\":\"ReadAction\",\"target\":[\"https:\\\/\\\/lightkeeperbooks.com\\\/index.php\\\/spiritual-growth\\\/\"]}]},{\"@type\":\"ImageObject\",\"inLanguage\":\"en-US\",\"@id\":\"https:\\\/\\\/lightkeeperbooks.com\\\/index.php\\\/spiritual-growth\\\/#primaryimage\",\"url\":\"https:\\\/\\\/lightkeeperbooks.com\\\/wp-content\\\/uploads\\\/2026\\\/02\\\/bpp-e1-ppw-cover-kdp-mP4OXX81n5hVGlQo.jpg\",\"contentUrl\":\"https:\\\/\\\/lightkeeperbooks.com\\\/wp-content\\\/uploads\\\/2026\\\/02\\\/bpp-e1-ppw-cover-kdp-mP4OXX81n5hVGlQo.jpg\",\"width\":1350,\"height\":2160},{\"@type\":\"BreadcrumbList\",\"@id\":\"https:\\\/\\\/lightkeeperbooks.com\\\/index.php\\\/spiritual-growth\\\/#breadcrumb\",\"itemListElement\":[{\"@type\":\"ListItem\",\"position\":1,\"name\":\"Home\",\"item\":\"https:\\\/\\\/lightkeeperbooks.com\\\/\"},{\"@type\":\"ListItem\",\"position\":2,\"name\":\"Spiritual Growth\"}]},{\"@type\":\"WebSite\",\"@id\":\"https:\\\/\\\/lightkeeperbooks.com\\\/#website\",\"url\":\"https:\\\/\\\/lightkeeperbooks.com\\\/\",\"name\":\"LIGHTKEEPER BOOKS\",\"description\":\"\",\"publisher\":{\"@id\":\"https:\\\/\\\/lightkeeperbooks.com\\\/#organization\"},\"potentialAction\":[{\"@type\":\"SearchAction\",\"target\":{\"@type\":\"EntryPoint\",\"urlTemplate\":\"https:\\\/\\\/lightkeeperbooks.com\\\/?s={search_term_string}\"},\"query-input\":{\"@type\":\"PropertyValueSpecification\",\"valueRequired\":true,\"valueName\":\"search_term_string\"}}],\"inLanguage\":\"en-US\"},{\"@type\":\"Organization\",\"@id\":\"https:\\\/\\\/lightkeeperbooks.com\\\/#organization\",\"name\":\"LIGHTKEEPER BOOKS\",\"url\":\"https:\\\/\\\/lightkeeperbooks.com\\\/\",\"logo\":{\"@type\":\"ImageObject\",\"inLanguage\":\"en-US\",\"@id\":\"https:\\\/\\\/lightkeeperbooks.com\\\/#\\\/schema\\\/logo\\\/image\\\/\",\"url\":\"https:\\\/\\\/lightkeeperbooks.com\\\/wp-content\\\/uploads\\\/2023\\\/12\\\/LKP_Hrzt_Color.png\",\"contentUrl\":\"https:\\\/\\\/lightkeeperbooks.com\\\/wp-content\\\/uploads\\\/2023\\\/12\\\/LKP_Hrzt_Color.png\",\"width\":1837,\"height\":379,\"caption\":\"LIGHTKEEPER BOOKS\"},\"image\":{\"@id\":\"https:\\\/\\\/lightkeeperbooks.com\\\/#\\\/schema\\\/logo\\\/image\\\/\"},\"sameAs\":[\"https:\\\/\\\/www.facebook.com\\\/lightkeeperbooks\"]}]}<\/script>\n<!-- \/ Yoast SEO plugin. -->","yoast_head_json":{"title":"Spiritual Growth - LIGHTKEEPER BOOKS","robots":{"index":"index","follow":"follow","max-snippet":"max-snippet:-1","max-image-preview":"max-image-preview:large","max-video-preview":"max-video-preview:-1"},"canonical":"https:\/\/lightkeeperbooks.com\/index.php\/spiritual-growth\/","og_locale":"en_US","og_type":"article","og_title":"Spiritual Growth - LIGHTKEEPER BOOKS","og_description":"Spiritual Growth Series Powerful Prayers in the War Room If prayer feels distant or difficult, this book offers biblical guidance and practical steps to help you grow as a prayer warrior. Drawing from 40 years of experience and the teachings of Jesus, Dr. Lancaster provides a clear path to deeper, powerful prayer that transforms your [&hellip;]","og_url":"https:\/\/lightkeeperbooks.com\/index.php\/spiritual-growth\/","og_site_name":"LIGHTKEEPER BOOKS","article_publisher":"https:\/\/www.facebook.com\/lightkeeperbooks","og_image":[{"url":"https:\/\/lightkeeperbooks.com\/wp-content\/uploads\/2026\/02\/bpp-e1-ppw-cover-kdp-mP4OXX81n5hVGlQo.jpg","type":"","width":"","height":""}],"twitter_card":"summary_large_image","twitter_misc":{"Est. reading time":"3 minutes"},"schema":{"@context":"https:\/\/schema.org","@graph":[{"@type":"WebPage","@id":"https:\/\/lightkeeperbooks.com\/index.php\/spiritual-growth\/","url":"https:\/\/lightkeeperbooks.com\/index.php\/spiritual-growth\/","name":"Spiritual Growth - LIGHTKEEPER BOOKS","isPartOf":{"@id":"https:\/\/lightkeeperbooks.com\/#website"},"primaryImageOfPage":{"@id":"https:\/\/lightkeeperbooks.com\/index.php\/spiritual-growth\/#primaryimage"},"image":{"@id":"https:\/\/lightkeeperbooks.com\/index.php\/spiritual-growth\/#primaryimage"},"thumbnailUrl":"https:\/\/lightkeeperbooks.com\/wp-content\/uploads\/2026\/02\/bpp-e1-ppw-cover-kdp-mP4OXX81n5hVGlQo.jpg","datePublished":"2026-02-09T03:52:54+00:00","breadcrumb":{"@id":"https:\/\/lightkeeperbooks.com\/index.php\/spiritual-growth\/#breadcrumb"},"inLanguage":"en-US","potentialAction":[{"@type":"ReadAction","target":["https:\/\/lightkeeperbooks.com\/index.php\/spiritual-growth\/"]}]},{"@type":"ImageObject","inLanguage":"en-US","@id":"https:\/\/lightkeeperbooks.com\/index.php\/spiritual-growth\/#primaryimage","url":"https:\/\/lightkeeperbooks.com\/wp-content\/uploads\/2026\/02\/bpp-e1-ppw-cover-kdp-mP4OXX81n5hVGlQo.jpg","contentUrl":"https:\/\/lightkeeperbooks.com\/wp-content\/uploads\/2026\/02\/bpp-e1-ppw-cover-kdp-mP4OXX81n5hVGlQo.jpg","width":1350,"height":2160},{"@type":"BreadcrumbList","@id":"https:\/\/lightkeeperbooks.com\/index.php\/spiritual-growth\/#breadcrumb","itemListElement":[{"@type":"ListItem","position":1,"name":"Home","item":"https:\/\/lightkeeperbooks.com\/"},{"@type":"ListItem","position":2,"name":"Spiritual Growth"}]},{"@type":"WebSite","@id":"https:\/\/lightkeeperbooks.com\/#website","url":"https:\/\/lightkeeperbooks.com\/","name":"LIGHTKEEPER BOOKS","description":"","publisher":{"@id":"https:\/\/lightkeeperbooks.com\/#organization"},"potentialAction":[{"@type":"SearchAction","target":{"@type":"EntryPoint","urlTemplate":"https:\/\/lightkeeperbooks.com\/?s={search_term_string}"},"query-input":{"@type":"PropertyValueSpecification","valueRequired":true,"valueName":"search_term_string"}}],"inLanguage":"en-US"},{"@type":"Organization","@id":"https:\/\/lightkeeperbooks.com\/#organization","name":"LIGHTKEEPER BOOKS","url":"https:\/\/lightkeeperbooks.com\/","logo":{"@type":"ImageObject","inLanguage":"en-US","@id":"https:\/\/lightkeeperbooks.com\/#\/schema\/logo\/image\/","url":"https:\/\/lightkeeperbooks.com\/wp-content\/uploads\/2023\/12\/LKP_Hrzt_Color.png","contentUrl":"https:\/\/lightkeeperbooks.com\/wp-content\/uploads\/2023\/12\/LKP_Hrzt_Color.png","width":1837,"height":379,"caption":"LIGHTKEEPER BOOKS"},"image":{"@id":"https:\/\/lightkeeperbooks.com\/#\/schema\/logo\/image\/"},"sameAs":["https:\/\/www.facebook.com\/lightkeeperbooks"]}]}},"lang":"en","translations":{"en":2895},"pll_sync_post":[],"_links":{"self":[{"href":"https:\/\/lightkeeperbooks.com\/index.php\/wp-json\/wp\/v2\/pages\/2895","targetHints":{"allow":["GET"]}}],"collection":[{"href":"https:\/\/lightkeeperbooks.com\/index.php\/wp-json\/wp\/v2\/pages"}],"about":[{"href":"https:\/\/lightkeeperbooks.com\/index.php\/wp-json\/wp\/v2\/types\/page"}],"author":[{"embeddable":true,"href":"https:\/\/lightkeeperbooks.com\/index.php\/wp-json\/wp\/v2\/users\/1"}],"replies":[{"embeddable":true,"href":"https:\/\/lightkeeperbooks.com\/index.php\/wp-json\/wp\/v2\/comments?post=2895"}],"version-history":[{"count":0,"href":"https:\/\/lightkeeperbooks.com\/index.php\/wp-json\/wp\/v2\/pages\/2895\/revisions"}],"wp:attachment":[{"href":"https:\/\/lightkeeperbooks.com\/index.php\/wp-json\/wp\/v2\/media?parent=2895"}],"curies":[{"name":"wp","href":"https:\/\/api.w.org\/{rel}","templated":true}]}}