{"id":3337,"date":"2026-02-09T04:02:08","date_gmt":"2026-02-09T04:02:08","guid":{"rendered":"https:\/\/lightkeeperbooks.com\/index.php\/childrens-books-discipleship-2\/"},"modified":"2026-02-09T04:02:08","modified_gmt":"2026-02-09T04:02:08","slug":"childrens-books-discipleship-2","status":"publish","type":"page","link":"https:\/\/lightkeeperbooks.com\/index.php\/childrens-books-discipleship-2\/","title":{"rendered":"Children&#8217;s Discipleship"},"content":{"rendered":"<h1 dir=\"auto\">Children&#8217;s Discipleship<\/h1>\n<h3 dir=\"auto\">Series<\/h3>\n<p><img decoding=\"async\" src=\"https:\/\/lightkeeperbooks.com\/wp-content\/uploads\/2026\/02\/lkk-e1-elp-cover-kdp-AMq1XXoQw9tpPQzN-1.jpg\" alt=\"\" \/><\/p>\n<h5 dir=\"auto\"><strong>Evie Learns to Pray<\/strong><\/h5>\n<p class=\"body\" dir=\"auto\"><span>Evie loves hearing her mom pray but doesn\u2019t know how to pray herself. One night, her mom shows her a simple and powerful way to talk to God. This beautifully illustrated story helps young readers discover that prayer is something they can do too\u2014and that God is always ready to listen.<\/span><\/p>\n<p><img decoding=\"async\" src=\"https:\/\/lightkeeperbooks.com\/wp-content\/uploads\/2026\/02\/lkk-g1-klp-cover-kdp-Yg2j11VvpJFJBQx7-1.jpg\" alt=\"\" \/><\/p>\n<h5 dir=\"auto\">Kathi lernt beten<\/h5>\n<p class=\"body\" dir=\"auto\"><span>Kathi h\u00f6rt ihrer Mutter gerne beim Beten zu, doch sie wei\u00df nicht, wie sie selbst beten soll. Ihre Mutter zeigt ihr eine einfache und kraftvolle Weise zu beten. Dieses liebevoll illustrierte Kinderbuch hilft M\u00e4dchen, mit Gott in Verbindung zu treten und im Glauben zu wachsen \u2013 auf eine kindgerechte, einf\u00fchlsame Art.<\/span><\/p>\n<p><img decoding=\"async\" src=\"https:\/\/lightkeeperbooks.com\/wp-content\/uploads\/2026\/02\/lkk-e2-rlp-cover-kdp-m6LZ440QkLhBQj6E-1.jpg\" alt=\"\" \/><\/p>\n<h5 dir=\"auto\"><strong>Rhys Learns to Pray<\/strong><\/h5>\n<p class=\"body\" dir=\"auto\"><span>Rhys enjoys listening to books and hearing his mom pray. One night, he wishes he knew how to pray too. His mom teaches him a simple, powerful way to talk to God. This cozy, beautifully illustrated book helps kids discover that prayer is something they can do\u2014and that God is always listening.<\/span><\/p>\n<p><img decoding=\"async\" src=\"https:\/\/lightkeeperbooks.com\/wp-content\/uploads\/2026\/02\/lkk-g2-blp-cover-kdp-YX4lZZpnwkUbzLo9-1.jpg\" alt=\"\" \/><\/p>\n<h5 dir=\"auto\">Ben lernt beten<\/h5>\n<p class=\"body\" dir=\"auto\"><span>Ben h\u00f6rt seiner Mutter gerne beim Beten zu, wei\u00df aber nicht, wie er selbst beten soll. Eines Abends zeigt sie ihm eine einfache und kraftvolle Art zu beten. Dieses liebevoll illustrierte Buch hilft Kindern, mit Gott in Kontakt zu treten und schon fr\u00fch eine vertrauensvolle Beziehung zu ihm aufzubauen.<\/span><\/p>\n<p><img decoding=\"async\" src=\"https:\/\/lightkeeperbooks.com\/wp-content\/uploads\/2026\/02\/lkk-e3-jlp-cover-kdp-AE0PqqKG1RH94b9g-1.jpg\" alt=\"\" \/><\/p>\n<h5 dir=\"auto\"><strong>Journey Learns to Pray<\/strong><\/h5>\n<p class=\"body\" dir=\"auto\"><span>Journey loves hearing her mother pray but isn\u2019t sure how to begin herself. One evening, her mom teaches her a simple and powerful way to pray. This sweet and beautifully illustrated book helps young girls discover that prayer is easy to learn\u2014and that God is always ready to listen with love.<\/span><\/p>\n<p><img decoding=\"async\" src=\"https:\/\/lightkeeperbooks.com\/wp-content\/uploads\/2026\/02\/lkk-e4-tlp-cover-kdp-mnlW77Vgkoh8bVaW-1.jpg\" alt=\"\" \/><\/p>\n<h5 dir=\"auto\"><strong>Tyree Learns to Pray<\/strong><\/h5>\n<p class=\"body\" dir=\"auto\"><span>Tyree loves hearing his mother pray, but he doesn\u2019t know how to start. One evening, his mom teaches him a simple, powerful way to pray. This heartwarming and beautifully illustrated book helps children see that prayer is for them too\u2014and that God listens when they speak from the heart.<\/span><\/p>\n<p><img decoding=\"async\" src=\"https:\/\/lightkeeperbooks.com\/wp-content\/uploads\/2026\/02\/lkk-e7-emp-cover-kdp-AR0LllKaMPH9KE8M-1.jpg\" alt=\"\" \/><\/p>\n<h5 dir=\"auto\"><strong>Emily Learns to Pray<\/strong><\/h5>\n<p class=\"body\" dir=\"auto\"><span>Emily loves listening to her mom pray but isn\u2019t sure how to pray herself. One night, her mom teaches her a simple, powerful way to talk to God. This beautifully illustrated storybook helps children discover that prayer is for them too\u2014and that they can connect with God anytime, in their own words.<\/span><\/p>\n<p><img decoding=\"async\" src=\"https:\/\/lightkeeperbooks.com\/wp-content\/uploads\/2026\/02\/lkk-s1-slp-cover-kdp-AoPWEEVbkyI7PPWp-1.jpg\" alt=\"\" \/><\/p>\n<h5 dir=\"auto\">Sof\u00eda Aprende a Orar<\/h5>\n<p class=\"body\" dir=\"auto\"><span>A Sof\u00eda le encanta escuchar a su madre orar, pero no sabe c\u00f3mo hacerlo. Una noche, su madre le ense\u00f1a una forma sencilla y poderosa de hablar con Dios. Este libro bellamente ilustrado ayuda a las ni\u00f1as a aprender a orar con confianza y a cultivar una relaci\u00f3n con Dios desde peque\u00f1as.<\/span><\/p>\n<p><img decoding=\"async\" src=\"https:\/\/lightkeeperbooks.com\/wp-content\/uploads\/2026\/02\/lkk-e8-flp-cover-kdp-Yyv9kkVl22F78aXk-1.jpg\" alt=\"\" \/><\/p>\n<h5 dir=\"auto\"><strong>Felipe Learns to Pray<\/strong><\/h5>\n<p class=\"body\" dir=\"auto\"><span>Felipe loves listening to stories and hearing his mom pray. One night, he says he wants to pray but doesn\u2019t know how. His mom shows him a simple, powerful way to talk to God. This warm and beautifully illustrated book helps children understand that prayer is for them too\u2014and God is always ready to listen.<\/span><\/p>\n<p><img decoding=\"async\" src=\"https:\/\/lightkeeperbooks.com\/wp-content\/uploads\/2026\/02\/lkk-s2-mlp-cover-kdp-AMq1XLKpyxslpzEE-1.jpg\" alt=\"\" \/><\/p>\n<h5 dir=\"auto\">Mateo Aprende a Orar<\/h5>\n<p class=\"body\" dir=\"auto\"><span>A Mateo le encanta escuchar a su madre orar, pero no sabe c\u00f3mo hacerlo \u00e9l mismo. Una noche, su madre le ense\u00f1a una forma sencilla y poderosa de orar. Con ilustraciones tiernas y lenguaje accesible, este libro ayuda a los ni\u00f1os a conectar con Dios y aprender a orar con confianza desde peque\u00f1os.<\/span><\/p>\n<p><img decoding=\"async\" src=\"https:\/\/lightkeeperbooks.com\/wp-content\/uploads\/2026\/02\/lkk-e5-elp-cover-kdp-mP4OXXKl9MC6qN5W-1.jpg\" alt=\"\" \/><\/p>\n<h5 dir=\"auto\"><strong>Lucy Learns to Pray<\/strong><\/h5>\n<p class=\"body\" dir=\"auto\"><span>Lucy enjoys listening to her mother pray but doesn\u2019t know how to start. One night, her mom teaches her a simple and powerful way to pray. This beautifully illustrated book helps children see that prayer isn\u2019t complicated\u2014and that they can talk to God anytime, just as they are.<\/span><\/p>\n<p><img decoding=\"async\" src=\"https:\/\/lightkeeperbooks.com\/wp-content\/uploads\/2026\/02\/lkk-e6-hlp-cover-kdp-dOqaXXoeBgINP22l-1.jpg\" alt=\"\" \/><\/p>\n<h5 dir=\"auto\"><strong>Henry Learns to Pray<\/strong><\/h5>\n<p class=\"body\" dir=\"auto\"><span>Henry loves listening to stories and hearing his mom pray. One evening, he says he wants to pray too\u2014but doesn\u2019t know how. His mom gently teaches him a simple and powerful way to talk to God. This beautifully illustrated book helps children experience prayer in a way that\u2019s personal, meaningful, and easy to learn.<\/span><\/p>\n","protected":false},"excerpt":{"rendered":"<p>Children&#8217;s Discipleship Series Evie Learns to Pray Evie loves hearing her mom pray but doesn\u2019t know how to pray herself. One night, her mom shows her a simple and powerful way to talk to God. This beautifully illustrated story helps young readers discover that prayer is something they can do too\u2014and that God is always [&hellip;]<\/p>\n","protected":false},"author":1,"featured_media":0,"parent":0,"menu_order":0,"comment_status":"closed","ping_status":"closed","template":"","meta":{"_angie_page":false,"footnotes":""},"class_list":["post-3337","page","type-page","status-publish","hentry"],"yoast_head":"<!-- This site is optimized with the Yoast SEO plugin v27.3 - https:\/\/yoast.com\/product\/yoast-seo-wordpress\/ -->\n<title>Children&#039;s Discipleship - LIGHTKEEPER BOOKS<\/title>\n<meta name=\"robots\" content=\"index, follow, max-snippet:-1, max-image-preview:large, max-video-preview:-1\" \/>\n<link rel=\"canonical\" href=\"https:\/\/lightkeeperbooks.com\/index.php\/childrens-books-discipleship-2\/\" \/>\n<meta property=\"og:locale\" content=\"en_US\" \/>\n<meta property=\"og:type\" content=\"article\" \/>\n<meta property=\"og:title\" content=\"Children&#039;s Discipleship - LIGHTKEEPER BOOKS\" \/>\n<meta property=\"og:description\" content=\"Children&#8217;s Discipleship Series Evie Learns to Pray Evie loves hearing her mom pray but doesn\u2019t know how to pray herself. One night, her mom shows her a simple and powerful way to talk to God. This beautifully illustrated story helps young readers discover that prayer is something they can do too\u2014and that God is always [&hellip;]\" \/>\n<meta property=\"og:url\" content=\"https:\/\/lightkeeperbooks.com\/index.php\/childrens-books-discipleship-2\/\" \/>\n<meta property=\"og:site_name\" content=\"LIGHTKEEPER BOOKS\" \/>\n<meta property=\"article:publisher\" content=\"https:\/\/www.facebook.com\/lightkeeperbooks\" \/>\n<meta property=\"og:image\" content=\"https:\/\/lightkeeperbooks.com\/wp-content\/uploads\/2026\/02\/lkk-e1-elp-cover-kdp-AMq1XXoQw9tpPQzN-1.jpg\" \/>\n<meta name=\"twitter:card\" content=\"summary_large_image\" \/>\n<meta name=\"twitter:label1\" content=\"Est. reading time\" \/>\n\t<meta name=\"twitter:data1\" content=\"3 minutes\" \/>\n<script type=\"application\/ld+json\" class=\"yoast-schema-graph\">{\"@context\":\"https:\\\/\\\/schema.org\",\"@graph\":[{\"@type\":\"WebPage\",\"@id\":\"https:\\\/\\\/lightkeeperbooks.com\\\/index.php\\\/childrens-books-discipleship-2\\\/\",\"url\":\"https:\\\/\\\/lightkeeperbooks.com\\\/index.php\\\/childrens-books-discipleship-2\\\/\",\"name\":\"Children's Discipleship - LIGHTKEEPER BOOKS\",\"isPartOf\":{\"@id\":\"https:\\\/\\\/lightkeeperbooks.com\\\/#website\"},\"primaryImageOfPage\":{\"@id\":\"https:\\\/\\\/lightkeeperbooks.com\\\/index.php\\\/childrens-books-discipleship-2\\\/#primaryimage\"},\"image\":{\"@id\":\"https:\\\/\\\/lightkeeperbooks.com\\\/index.php\\\/childrens-books-discipleship-2\\\/#primaryimage\"},\"thumbnailUrl\":\"https:\\\/\\\/lightkeeperbooks.com\\\/wp-content\\\/uploads\\\/2026\\\/02\\\/lkk-e1-elp-cover-kdp-AMq1XXoQw9tpPQzN-1.jpg\",\"datePublished\":\"2026-02-09T04:02:08+00:00\",\"breadcrumb\":{\"@id\":\"https:\\\/\\\/lightkeeperbooks.com\\\/index.php\\\/childrens-books-discipleship-2\\\/#breadcrumb\"},\"inLanguage\":\"en-US\",\"potentialAction\":[{\"@type\":\"ReadAction\",\"target\":[\"https:\\\/\\\/lightkeeperbooks.com\\\/index.php\\\/childrens-books-discipleship-2\\\/\"]}]},{\"@type\":\"ImageObject\",\"inLanguage\":\"en-US\",\"@id\":\"https:\\\/\\\/lightkeeperbooks.com\\\/index.php\\\/childrens-books-discipleship-2\\\/#primaryimage\",\"url\":\"https:\\\/\\\/lightkeeperbooks.com\\\/wp-content\\\/uploads\\\/2026\\\/02\\\/lkk-e1-elp-cover-kdp-AMq1XXoQw9tpPQzN-1.jpg\",\"contentUrl\":\"https:\\\/\\\/lightkeeperbooks.com\\\/wp-content\\\/uploads\\\/2026\\\/02\\\/lkk-e1-elp-cover-kdp-AMq1XXoQw9tpPQzN-1.jpg\",\"width\":2160,\"height\":2160},{\"@type\":\"BreadcrumbList\",\"@id\":\"https:\\\/\\\/lightkeeperbooks.com\\\/index.php\\\/childrens-books-discipleship-2\\\/#breadcrumb\",\"itemListElement\":[{\"@type\":\"ListItem\",\"position\":1,\"name\":\"Home\",\"item\":\"https:\\\/\\\/lightkeeperbooks.com\\\/\"},{\"@type\":\"ListItem\",\"position\":2,\"name\":\"Children&#8217;s Discipleship\"}]},{\"@type\":\"WebSite\",\"@id\":\"https:\\\/\\\/lightkeeperbooks.com\\\/#website\",\"url\":\"https:\\\/\\\/lightkeeperbooks.com\\\/\",\"name\":\"LIGHTKEEPER BOOKS\",\"description\":\"\",\"publisher\":{\"@id\":\"https:\\\/\\\/lightkeeperbooks.com\\\/#organization\"},\"potentialAction\":[{\"@type\":\"SearchAction\",\"target\":{\"@type\":\"EntryPoint\",\"urlTemplate\":\"https:\\\/\\\/lightkeeperbooks.com\\\/?s={search_term_string}\"},\"query-input\":{\"@type\":\"PropertyValueSpecification\",\"valueRequired\":true,\"valueName\":\"search_term_string\"}}],\"inLanguage\":\"en-US\"},{\"@type\":\"Organization\",\"@id\":\"https:\\\/\\\/lightkeeperbooks.com\\\/#organization\",\"name\":\"LIGHTKEEPER BOOKS\",\"url\":\"https:\\\/\\\/lightkeeperbooks.com\\\/\",\"logo\":{\"@type\":\"ImageObject\",\"inLanguage\":\"en-US\",\"@id\":\"https:\\\/\\\/lightkeeperbooks.com\\\/#\\\/schema\\\/logo\\\/image\\\/\",\"url\":\"https:\\\/\\\/lightkeeperbooks.com\\\/wp-content\\\/uploads\\\/2023\\\/12\\\/LKP_Hrzt_Color.png\",\"contentUrl\":\"https:\\\/\\\/lightkeeperbooks.com\\\/wp-content\\\/uploads\\\/2023\\\/12\\\/LKP_Hrzt_Color.png\",\"width\":1837,\"height\":379,\"caption\":\"LIGHTKEEPER BOOKS\"},\"image\":{\"@id\":\"https:\\\/\\\/lightkeeperbooks.com\\\/#\\\/schema\\\/logo\\\/image\\\/\"},\"sameAs\":[\"https:\\\/\\\/www.facebook.com\\\/lightkeeperbooks\"]}]}<\/script>\n<!-- \/ Yoast SEO plugin. -->","yoast_head_json":{"title":"Children's Discipleship - LIGHTKEEPER BOOKS","robots":{"index":"index","follow":"follow","max-snippet":"max-snippet:-1","max-image-preview":"max-image-preview:large","max-video-preview":"max-video-preview:-1"},"canonical":"https:\/\/lightkeeperbooks.com\/index.php\/childrens-books-discipleship-2\/","og_locale":"en_US","og_type":"article","og_title":"Children's Discipleship - LIGHTKEEPER BOOKS","og_description":"Children&#8217;s Discipleship Series Evie Learns to Pray Evie loves hearing her mom pray but doesn\u2019t know how to pray herself. One night, her mom shows her a simple and powerful way to talk to God. This beautifully illustrated story helps young readers discover that prayer is something they can do too\u2014and that God is always [&hellip;]","og_url":"https:\/\/lightkeeperbooks.com\/index.php\/childrens-books-discipleship-2\/","og_site_name":"LIGHTKEEPER BOOKS","article_publisher":"https:\/\/www.facebook.com\/lightkeeperbooks","og_image":[{"url":"https:\/\/lightkeeperbooks.com\/wp-content\/uploads\/2026\/02\/lkk-e1-elp-cover-kdp-AMq1XXoQw9tpPQzN-1.jpg","type":"","width":"","height":""}],"twitter_card":"summary_large_image","twitter_misc":{"Est. reading time":"3 minutes"},"schema":{"@context":"https:\/\/schema.org","@graph":[{"@type":"WebPage","@id":"https:\/\/lightkeeperbooks.com\/index.php\/childrens-books-discipleship-2\/","url":"https:\/\/lightkeeperbooks.com\/index.php\/childrens-books-discipleship-2\/","name":"Children's Discipleship - LIGHTKEEPER BOOKS","isPartOf":{"@id":"https:\/\/lightkeeperbooks.com\/#website"},"primaryImageOfPage":{"@id":"https:\/\/lightkeeperbooks.com\/index.php\/childrens-books-discipleship-2\/#primaryimage"},"image":{"@id":"https:\/\/lightkeeperbooks.com\/index.php\/childrens-books-discipleship-2\/#primaryimage"},"thumbnailUrl":"https:\/\/lightkeeperbooks.com\/wp-content\/uploads\/2026\/02\/lkk-e1-elp-cover-kdp-AMq1XXoQw9tpPQzN-1.jpg","datePublished":"2026-02-09T04:02:08+00:00","breadcrumb":{"@id":"https:\/\/lightkeeperbooks.com\/index.php\/childrens-books-discipleship-2\/#breadcrumb"},"inLanguage":"en-US","potentialAction":[{"@type":"ReadAction","target":["https:\/\/lightkeeperbooks.com\/index.php\/childrens-books-discipleship-2\/"]}]},{"@type":"ImageObject","inLanguage":"en-US","@id":"https:\/\/lightkeeperbooks.com\/index.php\/childrens-books-discipleship-2\/#primaryimage","url":"https:\/\/lightkeeperbooks.com\/wp-content\/uploads\/2026\/02\/lkk-e1-elp-cover-kdp-AMq1XXoQw9tpPQzN-1.jpg","contentUrl":"https:\/\/lightkeeperbooks.com\/wp-content\/uploads\/2026\/02\/lkk-e1-elp-cover-kdp-AMq1XXoQw9tpPQzN-1.jpg","width":2160,"height":2160},{"@type":"BreadcrumbList","@id":"https:\/\/lightkeeperbooks.com\/index.php\/childrens-books-discipleship-2\/#breadcrumb","itemListElement":[{"@type":"ListItem","position":1,"name":"Home","item":"https:\/\/lightkeeperbooks.com\/"},{"@type":"ListItem","position":2,"name":"Children&#8217;s Discipleship"}]},{"@type":"WebSite","@id":"https:\/\/lightkeeperbooks.com\/#website","url":"https:\/\/lightkeeperbooks.com\/","name":"LIGHTKEEPER BOOKS","description":"","publisher":{"@id":"https:\/\/lightkeeperbooks.com\/#organization"},"potentialAction":[{"@type":"SearchAction","target":{"@type":"EntryPoint","urlTemplate":"https:\/\/lightkeeperbooks.com\/?s={search_term_string}"},"query-input":{"@type":"PropertyValueSpecification","valueRequired":true,"valueName":"search_term_string"}}],"inLanguage":"en-US"},{"@type":"Organization","@id":"https:\/\/lightkeeperbooks.com\/#organization","name":"LIGHTKEEPER BOOKS","url":"https:\/\/lightkeeperbooks.com\/","logo":{"@type":"ImageObject","inLanguage":"en-US","@id":"https:\/\/lightkeeperbooks.com\/#\/schema\/logo\/image\/","url":"https:\/\/lightkeeperbooks.com\/wp-content\/uploads\/2023\/12\/LKP_Hrzt_Color.png","contentUrl":"https:\/\/lightkeeperbooks.com\/wp-content\/uploads\/2023\/12\/LKP_Hrzt_Color.png","width":1837,"height":379,"caption":"LIGHTKEEPER BOOKS"},"image":{"@id":"https:\/\/lightkeeperbooks.com\/#\/schema\/logo\/image\/"},"sameAs":["https:\/\/www.facebook.com\/lightkeeperbooks"]}]}},"lang":"en","translations":{"en":3337},"pll_sync_post":[],"_links":{"self":[{"href":"https:\/\/lightkeeperbooks.com\/index.php\/wp-json\/wp\/v2\/pages\/3337","targetHints":{"allow":["GET"]}}],"collection":[{"href":"https:\/\/lightkeeperbooks.com\/index.php\/wp-json\/wp\/v2\/pages"}],"about":[{"href":"https:\/\/lightkeeperbooks.com\/index.php\/wp-json\/wp\/v2\/types\/page"}],"author":[{"embeddable":true,"href":"https:\/\/lightkeeperbooks.com\/index.php\/wp-json\/wp\/v2\/users\/1"}],"replies":[{"embeddable":true,"href":"https:\/\/lightkeeperbooks.com\/index.php\/wp-json\/wp\/v2\/comments?post=3337"}],"version-history":[{"count":0,"href":"https:\/\/lightkeeperbooks.com\/index.php\/wp-json\/wp\/v2\/pages\/3337\/revisions"}],"wp:attachment":[{"href":"https:\/\/lightkeeperbooks.com\/index.php\/wp-json\/wp\/v2\/media?parent=3337"}],"curies":[{"name":"wp","href":"https:\/\/api.w.org\/{rel}","templated":true}]}}