{"id":3421,"date":"2026-02-09T04:02:15","date_gmt":"2026-02-09T04:02:15","guid":{"rendered":"https:\/\/lightkeeperbooks.com\/index.php\/emily-learns-to-pray-translations-2\/"},"modified":"2026-02-09T04:02:15","modified_gmt":"2026-02-09T04:02:15","slug":"emily-learns-to-pray-translations-2","status":"publish","type":"page","link":"https:\/\/lightkeeperbooks.com\/index.php\/emily-learns-to-pray-translations-2\/","title":{"rendered":"Emily Learn to Pray Translations"},"content":{"rendered":"<h1 dir=\"auto\"><span>Emily Learn to Pray<\/span><\/h1>\n<h3 dir=\"auto\">Translations<\/h3>\n<p dir=\"auto\" class=\"body\">Arabic<\/p>\n<p class=\"body-large\" dir=\"auto\"><span><strong>\u0644\u064a\u0644\u0649 \u062a\u062a\u0639\u0644\u0645 \u0627\u0644\u0635\u0644\u0627\u0629 [Layla]<\/strong><\/span><\/p>\n<p dir=\"auto\" class=\"body\"><span>\u0647\u0630\u0627 \u0627\u0644\u0643\u062a\u0627\u0628 \u0647\u0648 \u0647\u062f\u064a\u0629 \u0645\u062d\u0628\u0629\u060c \u0642\u064f\u062f\u0645\u062a \u0644\u0643 \u0637\u0648\u0639\u064b\u0627 \u0645\u0646 \u0645\u0624\u0645\u0646\u064a\u0646 \u0645\u062b\u0644\u0643.<\/span><\/p>\n<p dir=\"auto\" class=\"body\"><span>Bengali<\/span><\/p>\n<p class=\"body-large\" dir=\"auto\"><span><strong>\u0986\u09af\u09bc\u09c7\u09b6\u09be \u09aa\u09cd\u09b0\u09be\u09b0\u09cd\u09a5\u09a8\u09be \u0995\u09b0\u09a4\u09c7 \u09b6\u09c7\u0996\u09c7 [Ayesha]<\/strong><\/span><\/p>\n<p dir=\"auto\" class=\"body\"><span>\u098f\u0987 \u09ac\u0987\u099f\u09bf \u098f\u0995 \u09ad\u09be\u09b2\u09cb\u09ac\u09be\u09b8\u09be\u09b0 \u0989\u09aa\u09b9\u09be\u09b0, \u09af\u09c7\u099f\u09bf \u0986\u09aa\u09a8\u09be\u09b0 \u09ae\u09a4\u09cb \u09ac\u09bf\u09b6\u09cd\u09ac\u09be\u09b8\u09c0\u09a6\u09c7\u09b0 \u09a6\u09cd\u09ac\u09be\u09b0\u09be \u0986\u09a8\u09a8\u09cd\u09a6\u09c7\u09b0 \u09b8\u0999\u09cd\u0997\u09c7 \u09a6\u09c7\u0993\u09af\u09bc\u09be \u09b9\u09af\u09bc\u09c7\u099b\u09c7\u0964<\/span><\/p>\n<p dir=\"auto\" class=\"body\"><span>Burmese<\/span><\/p>\n<p class=\"body-large\" dir=\"auto\"><span><strong>\u1019\u1004\u103a\u1038\u1019\u1004\u103a\u1038 \u1006\u102f\u1010\u1031\u102c\u1004\u103a\u1038\u1010\u1010\u103a\u101c\u102c\u101e\u100a\u103a [Mya]<\/strong><\/span><\/p>\n<p dir=\"auto\" class=\"body\"><span>\u1024\u1005\u102c\u1021\u102f\u1015\u103a\u101e\u100a\u103a \u101e\u1004\u103a\u1037\u101c\u102d\u102f\u101a\u102f\u1036\u1000\u103c\u100a\u103a\u101e\u1030\u1019\u103b\u102c\u1038\u1019\u103e \u1001\u103b\u1005\u103a\u1001\u103c\u1004\u103a\u1038\u1016\u103c\u1004\u1037\u103a \u1021\u1001\u1019\u1032\u1037\u1015\u1031\u1038\u1021\u1015\u103a\u101e\u1031\u102c\u101c\u1000\u103a\u1006\u1031\u102c\u1004\u103a\u1010\u1005\u103a\u1001\u102f\u1016\u103c\u1005\u103a\u101e\u100a\u103a\u104b<\/span><\/p>\n<p dir=\"auto\" class=\"body\"><span>Chin (Hakha)<\/span><\/p>\n<p class=\"body-large\" dir=\"auto\"><span><strong>Lalbiakmawii cu thuthang <\/strong><\/span><span><strong>kan tuah cang [Mawi]<\/strong><\/span><\/p>\n<p dir=\"auto\" class=\"body\"><span>Hi biaholh cu na bantuk thiltheihmi nih zohchungin, thil lungawi sining in pek a si.<\/span><\/p>\n<p dir=\"auto\" class=\"body\"><span>Hindi<\/span><\/p>\n<p class=\"body-large\" dir=\"auto\"><span><strong>\u0905\u0928\u0928\u094d\u092f\u093e \u092a\u094d\u0930\u093e\u0930\u094d\u0925\u0928\u093e \u0915\u0930\u0928\u093e \u0938\u0940\u0916\u0924\u0940 \u0939\u0948 [Ananya]<\/strong><\/span><\/p>\n<p dir=\"auto\" class=\"body\"><span>\u092f\u0939 \u092a\u0941\u0938\u094d\u0924\u0915 \u092a\u094d\u0930\u0947\u092e \u0938\u0947 \u0926\u0940 \u0917\u0908 \u090f\u0915 \u092d\u0947\u0902\u091f \u0939\u0948, \u091c\u094b \u0906\u092a\u0915\u0947 \u091c\u0948\u0938\u0947 \u0935\u093f\u0936\u094d\u0935\u093e\u0938\u093f\u092f\u094b\u0902 \u0928\u0947 \u0916\u0941\u0936\u0940 \u0938\u0947 \u0926\u0940 \u0939\u0948\u0964<\/span><\/p>\n<p dir=\"auto\" class=\"body\"><span>Indonesian<\/span><\/p>\n<p class=\"body-large\" dir=\"auto\"><span><strong>Putri belajar berdoa [Putri]<\/strong><\/span><\/p>\n<p dir=\"auto\" class=\"body\"><span>Buku ini adalah hadiah kasih, yang diberikan dengan sukacita oleh orang-orang percaya seperti Anda.<\/span><\/p>\n<p dir=\"auto\" class=\"body\"><span>Khmer<\/span><\/p>\n<p class=\"body-large\" dir=\"auto\"><span><strong>\u179f\u17d2\u179a\u17b8\u1796\u17c1\u1787\u17d2\u179a\u179a\u17c0\u1793\u17a2\u1792\u17b7\u179f\u17d2\u178b\u17b6\u1793 [Srey Pich]<\/strong><\/span><\/p>\n<p dir=\"auto\" class=\"body\"><span>\u179f\u17c0\u179c\u1797\u17c5\u1793\u17c1\u17c7\u1787\u17b6\u17a2\u17c6\u178e\u17c4\u1799\u179f\u17d2\u1793\u17c1\u17a0\u17b6 \u178a\u17c2\u179b\u1787\u17c6\u1793\u17bf\u1787\u17b6\u1780\u17cb\u178a\u17bc\u1785\u17a2\u17d2\u1793\u1780\u1794\u17b6\u1793\u1795\u17d2\u178f\u179b\u17cb\u178a\u17c4\u1799\u1785\u17b7\u178f\u17d2\u178f\u179f\u1794\u17d2\u1794\u17bb\u179a\u179f\u17d4<\/span><\/p>\n<p dir=\"auto\" class=\"body\"><span>Lao<\/span><\/p>\n<p class=\"body-large\" dir=\"auto\"><span><strong>\u0e99\u0eb2\u0e99\u0eb2\u0eae\u0ebd\u0e99\u0eae\u0eb9\u0ec9\u0e81\u0eb2\u0e99\u0ead\u0eb0\u0e97\u0eb4\u0e96\u0eb2\u0e99 [Nana]<\/strong><\/span><\/p>\n<p dir=\"auto\" class=\"body\"><span>\u0e9b\u0eb7\u0ec9\u0ea1\u0ec0\u0ea5\u0ec8\u0ea1\u0e99\u0eb5\u0ec9\u0ec1\u0ea1\u0ec8\u0e99\u0e82\u0ead\u0e87\u0e82\u0ea7\u0eb1\u0e99\u0ec0\u0e95\u0eb1\u0ea1\u0ec4\u0e9b\u0e94\u0ec9\u0ea7\u0e8d\u0e84\u0ea7\u0eb2\u0ea1\u0eae\u0eb1\u0e81, \u0e97\u0eb5\u0ec8\u0e9c\u0eb9\u0ec9\u0eaa\u0eb7\u0ec8\u0e96\u0eb7\u0e84\u0ea7\u0eb2\u0ea1\u0ec0\u0e8a\u0eb7\u0ec8\u0ead\u0e94\u0ebd\u0ea7\u0e81\u0eb1\u0e9a\u0e97\u0ec8\u0eb2\u0e99\u0ec4\u0e94\u0ec9\u0ea1\u0ead\u0e9a\u0ec3\u0eab\u0ec9\u0e94\u0ec9\u0ea7\u0e8d\u0ec3\u0e88\u0e81\u0eb0\u0e95\u0eb1\u0e99\u0e8d\u0eb9.<\/span><\/p>\n<p dir=\"auto\" class=\"body\"><span>Malay<\/span><\/p>\n<p class=\"body-large\" dir=\"auto\"><span><strong>Amina belajar berdoa [Amina]<\/strong><\/span><\/p>\n<p dir=\"auto\" class=\"body\"><span>Buku ini adalah hadiah kasih sayang, diberi secara sukarela oleh saudara seiman seperti anda.<\/span><\/p>\n<p dir=\"auto\" class=\"body\"><span>Pashto<\/span><\/p>\n<p class=\"body-large\" dir=\"auto\"><span><strong>\u0645\u0631\u06cc\u0645 \u062f\u0639\u0627 \u0632\u062f\u0647 \u06a9\u0648\u064a [Maryam]<\/strong><\/span><\/p>\n<p dir=\"auto\" class=\"body\"><span>\u062f\u0627 \u06a9\u062a\u0627\u0628 \u062f \u0645\u06cc\u0646\u06d0 \u0689\u0627\u0644\u06cd \u062f\u0647\u060c \u0686\u06d0 \u0633\u062a\u0627\u0633\u0648 \u067e\u0647 \u0685\u06d0\u0631 \u0645\u0624\u0645\u0646\u0627\u0646\u0648 \u062f\u0627 \u067e\u0647 \u062e\u0648\u069a\u06cd \u0627\u0648 \u0635\u062f\u0627\u0642\u062a \u0648\u0631\u06a9\u0693\u06d0 \u062f\u0647.<\/span><\/p>\n<p dir=\"auto\" class=\"body\"><span>Punjabi<\/span><\/p>\n<p class=\"body-large\" dir=\"auto\"><span><strong>\u0a38\u0a3f\u0a2e\u0a30\u0a28 \u0a26\u0a41\u0a06 \u0a15\u0a30\u0a28\u0a40 \u0a38\u0a3f\u0a71\u0a16\u0a26\u0a40 \u0a39\u0a48 [Simran]<\/strong><\/span><\/p>\n<p dir=\"auto\" class=\"body\"><span>\u0a07\u0a39 \u0a15\u0a3f\u0a24\u0a3e\u0a2c \u0a2a\u0a3f\u0a06\u0a30 \u0a28\u0a3e\u0a32 \u0a26\u0a3f\u0a71\u0a24\u0a3e \u0a17\u0a3f\u0a06 \u0a24\u0a4b\u0a39\u0a2b\u0a3e \u0a39\u0a48, \u0a1c\u0a4b \u0a24\u0a41\u0a39\u0a3e\u0a21\u0a47 \u0a35\u0a30\u0a17\u0a47 \u0a35\u0a3f\u0a38\u0a3c\u0a35\u0a3e\u0a38\u0a40\u0a06\u0a02 \u0a28\u0a47 \u0a16\u0a41\u0a38\u0a3c\u0a40 \u0a28\u0a3e\u0a32 \u0a26\u0a3f\u0a71\u0a24\u0a3e \u0a39\u0a48\u0964<\/span><\/p>\n<p dir=\"auto\" class=\"body\"><span>Tagalog<\/span><\/p>\n<p class=\"body-large\" dir=\"auto\"><span><strong>Althea natutong manalangin [Althea]<\/strong><\/span><\/p>\n<p dir=\"auto\" class=\"body\"><span>Ang aklat na ito ay isang handog ng pag-ibig, ibinigay ng mga mananampalatayang tulad mo nang bukal sa loob.<\/span><\/p>\n<p dir=\"auto\" class=\"body\"><span>Tamil<\/span><\/p>\n<p class=\"body-large\" dir=\"auto\"><span><strong>\u0b85\u0ba9\u0bbf\u0ba4\u0bbe \u0b9c\u0bc6\u0baa\u0bbf\u0b95\u0bcd\u0b95 \u0b95\u0bb1\u0bcd\u0bb1\u0bc1\u0b95\u0bcd\u0b95\u0bca\u0bb3\u0bcd\u0b95\u0bbf\u0bb1\u0bbe\u0bb3\u0bcd [Anitha]<\/strong><\/span><\/p>\n<p dir=\"auto\" class=\"body\"><span>\u0b87\u0ba8\u0bcd\u0ba4 \u0baa\u0bc1\u0ba4\u0bcd\u0ba4\u0b95\u0bae\u0bcd \u0b89\u0b99\u0bcd\u0b95\u0bb3\u0bc8\u0baa\u0bcd \u0baa\u0bcb\u0ba9\u0bcd\u0bb1 \u0bb5\u0bbf\u0b9a\u0bc1\u0bb5\u0bbe\u0b9a\u0bbf\u0b95\u0bb3\u0bbe\u0bb2\u0bcd \u0bae\u0b95\u0bbf\u0bb4\u0bcd\u0b9a\u0bcd\u0b9a\u0bbf\u0baf\u0bc1\u0b9f\u0ba9\u0bcd \u0b85\u0bb3\u0bbf\u0b95\u0bcd\u0b95\u0baa\u0bcd\u0baa\u0b9f\u0bcd\u0b9f, \u0b85\u0ba9\u0bcd\u0baa\u0bbf\u0ba9\u0bcd \u0baa\u0bb0\u0bbf\u0b9a\u0bbe\u0b95\u0bc1\u0bae\u0bcd.<\/span><\/p>\n<p dir=\"auto\" class=\"body\"><span>Telugu<\/span><\/p>\n<p class=\"body-large\" dir=\"auto\"><span><strong>\u0c38\u0c02\u0c27\u0c4d\u0c2f \u0c2a\u0c4d\u0c30\u0c3e\u0c30\u0c4d\u0c25\u0c28 \u0c28\u0c47\u0c30\u0c4d\u0c1a\u0c41\u0c15\u0c41\u0c02\u0c1f\u0c41\u0c02\u0c26\u0c3f [Sandhya]<\/strong><\/span><\/p>\n<p dir=\"auto\" class=\"body\"><span>\u0c08 \u0c2a\u0c41\u0c38\u0c4d\u0c24\u0c15\u0c02 \u0c2a\u0c4d\u0c30\u0c47\u0c2e\u0c24\u0c4b \u0c07\u0c35\u0c4d\u0c35\u0c2c\u0c21\u0c3f\u0c28 \u0c2c\u0c39\u0c41\u0c2e\u0c24\u0c3f\u0c17\u0c3e \u0c09\u0c02\u0c26\u0c3f, \u0c07\u0c26\u0c3f \u0c2e\u0c40\u0c32\u0c3e\u0c02\u0c1f\u0c3f \u0c35\u0c3f\u0c36\u0c4d\u0c35\u0c3e\u0c38\u0c41\u0c32\u0c41 \u0c06\u0c28\u0c02\u0c26\u0c02\u0c24\u0c4b \u0c07\u0c1a\u0c4d\u0c1a\u0c3e\u0c30\u0c41.<\/span><\/p>\n<p dir=\"auto\" class=\"body\"><span>Thai<\/span><\/p>\n<p class=\"body-large\" dir=\"auto\"><span><strong>\u0e2d\u0e32\u0e21\u0e32\u0e19\u0e35\u0e40\u0e23\u0e35\u0e22\u0e19\u0e23\u0e39\u0e49\u0e17\u0e35\u0e48\u0e08\u0e30\u0e2d\u0e18\u0e34\u0e29\u0e10\u0e32\u0e19 [Amani]<\/strong><\/span><\/p>\n<p dir=\"auto\" class=\"body\"><span>\u0e2b\u0e19\u0e31\u0e07\u0e2a\u0e37\u0e2d\u0e40\u0e25\u0e48\u0e21\u0e19\u0e35\u0e49\u0e40\u0e1b\u0e47\u0e19\u0e02\u0e2d\u0e07\u0e02\u0e27\u0e31\u0e0d\u0e41\u0e2b\u0e48\u0e07\u0e04\u0e27\u0e32\u0e21\u0e23\u0e31\u0e01 \u0e21\u0e2d\u0e1a\u0e43\u0e2b\u0e49\u0e42\u0e14\u0e22\u0e1c\u0e39\u0e49\u0e40\u0e0a\u0e37\u0e48\u0e2d\u0e17\u0e35\u0e48\u0e40\u0e2b\u0e21\u0e37\u0e2d\u0e19\u0e01\u0e31\u0e1a\u0e04\u0e38\u0e13\u0e14\u0e49\u0e27\u0e22\u0e04\u0e27\u0e32\u0e21\u0e40\u0e15\u0e47\u0e21\u0e43\u0e08<\/span><\/p>\n<p dir=\"auto\" class=\"body\"><span>Vietnamese<\/span><\/p>\n<p class=\"body-large\" dir=\"auto\"><span><strong>Lan h\u1ecdc c\u1ea7u nguy\u1ec7n [Lan]<\/strong><\/span><\/p>\n<p dir=\"auto\" class=\"body\"><span>Cu\u1ed1n s\u00e1ch n\u00e0y l\u00e0 m\u00f3n qu\u00e0 y\u00eau th\u01b0\u01a1ng, \u0111\u01b0\u1ee3c trao t\u1eb7ng c\u00e1ch vui l\u00f2ng b\u1edfi nh\u1eefng t\u00edn h\u1eefu gi\u1ed1ng nh\u01b0 b\u1ea1n.<\/span><\/p>\n","protected":false},"excerpt":{"rendered":"<p>Emily Learn to Pray Translations Arabic \u0644\u064a\u0644\u0649 \u062a\u062a\u0639\u0644\u0645 \u0627\u0644\u0635\u0644\u0627\u0629 [Layla] \u0647\u0630\u0627 \u0627\u0644\u0643\u062a\u0627\u0628 \u0647\u0648 \u0647\u062f\u064a\u0629 \u0645\u062d\u0628\u0629\u060c \u0642\u064f\u062f\u0645\u062a \u0644\u0643 \u0637\u0648\u0639\u064b\u0627 \u0645\u0646 \u0645\u0624\u0645\u0646\u064a\u0646 \u0645\u062b\u0644\u0643. Bengali \u0986\u09af\u09bc\u09c7\u09b6\u09be \u09aa\u09cd\u09b0\u09be\u09b0\u09cd\u09a5\u09a8\u09be \u0995\u09b0\u09a4\u09c7 \u09b6\u09c7\u0996\u09c7 [Ayesha] \u098f\u0987 \u09ac\u0987\u099f\u09bf \u098f\u0995 \u09ad\u09be\u09b2\u09cb\u09ac\u09be\u09b8\u09be\u09b0 \u0989\u09aa\u09b9\u09be\u09b0, \u09af\u09c7\u099f\u09bf \u0986\u09aa\u09a8\u09be\u09b0 \u09ae\u09a4\u09cb \u09ac\u09bf\u09b6\u09cd\u09ac\u09be\u09b8\u09c0\u09a6\u09c7\u09b0 \u09a6\u09cd\u09ac\u09be\u09b0\u09be \u0986\u09a8\u09a8\u09cd\u09a6\u09c7\u09b0 \u09b8\u0999\u09cd\u0997\u09c7 \u09a6\u09c7\u0993\u09af\u09bc\u09be \u09b9\u09af\u09bc\u09c7\u099b\u09c7\u0964 Burmese \u1019\u1004\u103a\u1038\u1019\u1004\u103a\u1038 \u1006\u102f\u1010\u1031\u102c\u1004\u103a\u1038\u1010\u1010\u103a\u101c\u102c\u101e\u100a\u103a [Mya] \u1024\u1005\u102c\u1021\u102f\u1015\u103a\u101e\u100a\u103a \u101e\u1004\u103a\u1037\u101c\u102d\u102f\u101a\u102f\u1036\u1000\u103c\u100a\u103a\u101e\u1030\u1019\u103b\u102c\u1038\u1019\u103e \u1001\u103b\u1005\u103a\u1001\u103c\u1004\u103a\u1038\u1016\u103c\u1004\u1037\u103a \u1021\u1001\u1019\u1032\u1037\u1015\u1031\u1038\u1021\u1015\u103a\u101e\u1031\u102c\u101c\u1000\u103a\u1006\u1031\u102c\u1004\u103a\u1010\u1005\u103a\u1001\u102f\u1016\u103c\u1005\u103a\u101e\u100a\u103a\u104b Chin (Hakha) Lalbiakmawii cu thuthang kan [&hellip;]<\/p>\n","protected":false},"author":1,"featured_media":0,"parent":0,"menu_order":0,"comment_status":"closed","ping_status":"closed","template":"","meta":{"_angie_page":false,"footnotes":""},"class_list":["post-3421","page","type-page","status-publish","hentry"],"yoast_head":"<!-- This site is optimized with the Yoast SEO plugin v27.4 - https:\/\/yoast.com\/product\/yoast-seo-wordpress\/ -->\n<title>Emily Learn to Pray Translations - LIGHTKEEPER BOOKS<\/title>\n<meta name=\"robots\" content=\"index, follow, max-snippet:-1, max-image-preview:large, max-video-preview:-1\" \/>\n<link rel=\"canonical\" href=\"https:\/\/lightkeeperbooks.com\/index.php\/emily-learns-to-pray-translations-2\/\" \/>\n<meta property=\"og:locale\" content=\"en_US\" \/>\n<meta property=\"og:type\" content=\"article\" \/>\n<meta property=\"og:title\" content=\"Emily Learn to Pray Translations - LIGHTKEEPER BOOKS\" \/>\n<meta property=\"og:description\" content=\"Emily Learn to Pray Translations Arabic \u0644\u064a\u0644\u0649 \u062a\u062a\u0639\u0644\u0645 \u0627\u0644\u0635\u0644\u0627\u0629 [Layla] \u0647\u0630\u0627 \u0627\u0644\u0643\u062a\u0627\u0628 \u0647\u0648 \u0647\u062f\u064a\u0629 \u0645\u062d\u0628\u0629\u060c \u0642\u064f\u062f\u0645\u062a \u0644\u0643 \u0637\u0648\u0639\u064b\u0627 \u0645\u0646 \u0645\u0624\u0645\u0646\u064a\u0646 \u0645\u062b\u0644\u0643. Bengali \u0986\u09af\u09bc\u09c7\u09b6\u09be \u09aa\u09cd\u09b0\u09be\u09b0\u09cd\u09a5\u09a8\u09be \u0995\u09b0\u09a4\u09c7 \u09b6\u09c7\u0996\u09c7 [Ayesha] \u098f\u0987 \u09ac\u0987\u099f\u09bf \u098f\u0995 \u09ad\u09be\u09b2\u09cb\u09ac\u09be\u09b8\u09be\u09b0 \u0989\u09aa\u09b9\u09be\u09b0, \u09af\u09c7\u099f\u09bf \u0986\u09aa\u09a8\u09be\u09b0 \u09ae\u09a4\u09cb \u09ac\u09bf\u09b6\u09cd\u09ac\u09be\u09b8\u09c0\u09a6\u09c7\u09b0 \u09a6\u09cd\u09ac\u09be\u09b0\u09be \u0986\u09a8\u09a8\u09cd\u09a6\u09c7\u09b0 \u09b8\u0999\u09cd\u0997\u09c7 \u09a6\u09c7\u0993\u09af\u09bc\u09be \u09b9\u09af\u09bc\u09c7\u099b\u09c7\u0964 Burmese \u1019\u1004\u103a\u1038\u1019\u1004\u103a\u1038 \u1006\u102f\u1010\u1031\u102c\u1004\u103a\u1038\u1010\u1010\u103a\u101c\u102c\u101e\u100a\u103a [Mya] \u1024\u1005\u102c\u1021\u102f\u1015\u103a\u101e\u100a\u103a \u101e\u1004\u103a\u1037\u101c\u102d\u102f\u101a\u102f\u1036\u1000\u103c\u100a\u103a\u101e\u1030\u1019\u103b\u102c\u1038\u1019\u103e \u1001\u103b\u1005\u103a\u1001\u103c\u1004\u103a\u1038\u1016\u103c\u1004\u1037\u103a \u1021\u1001\u1019\u1032\u1037\u1015\u1031\u1038\u1021\u1015\u103a\u101e\u1031\u102c\u101c\u1000\u103a\u1006\u1031\u102c\u1004\u103a\u1010\u1005\u103a\u1001\u102f\u1016\u103c\u1005\u103a\u101e\u100a\u103a\u104b Chin (Hakha) Lalbiakmawii cu thuthang kan [&hellip;]\" \/>\n<meta property=\"og:url\" content=\"https:\/\/lightkeeperbooks.com\/index.php\/emily-learns-to-pray-translations-2\/\" \/>\n<meta property=\"og:site_name\" content=\"LIGHTKEEPER BOOKS\" \/>\n<meta property=\"article:publisher\" content=\"https:\/\/www.facebook.com\/lightkeeperbooks\" \/>\n<meta name=\"twitter:card\" content=\"summary_large_image\" \/>\n<meta name=\"twitter:label1\" content=\"Est. reading time\" \/>\n\t<meta name=\"twitter:data1\" content=\"1 minute\" \/>\n<script type=\"application\/ld+json\" class=\"yoast-schema-graph\">{\"@context\":\"https:\\\/\\\/schema.org\",\"@graph\":[{\"@type\":\"WebPage\",\"@id\":\"https:\\\/\\\/lightkeeperbooks.com\\\/index.php\\\/emily-learns-to-pray-translations-2\\\/\",\"url\":\"https:\\\/\\\/lightkeeperbooks.com\\\/index.php\\\/emily-learns-to-pray-translations-2\\\/\",\"name\":\"Emily Learn to Pray Translations - LIGHTKEEPER BOOKS\",\"isPartOf\":{\"@id\":\"https:\\\/\\\/lightkeeperbooks.com\\\/#website\"},\"datePublished\":\"2026-02-09T04:02:15+00:00\",\"breadcrumb\":{\"@id\":\"https:\\\/\\\/lightkeeperbooks.com\\\/index.php\\\/emily-learns-to-pray-translations-2\\\/#breadcrumb\"},\"inLanguage\":\"en-US\",\"potentialAction\":[{\"@type\":\"ReadAction\",\"target\":[\"https:\\\/\\\/lightkeeperbooks.com\\\/index.php\\\/emily-learns-to-pray-translations-2\\\/\"]}]},{\"@type\":\"BreadcrumbList\",\"@id\":\"https:\\\/\\\/lightkeeperbooks.com\\\/index.php\\\/emily-learns-to-pray-translations-2\\\/#breadcrumb\",\"itemListElement\":[{\"@type\":\"ListItem\",\"position\":1,\"name\":\"Home\",\"item\":\"https:\\\/\\\/lightkeeperbooks.com\\\/\"},{\"@type\":\"ListItem\",\"position\":2,\"name\":\"Emily Learn to Pray Translations\"}]},{\"@type\":\"WebSite\",\"@id\":\"https:\\\/\\\/lightkeeperbooks.com\\\/#website\",\"url\":\"https:\\\/\\\/lightkeeperbooks.com\\\/\",\"name\":\"LIGHTKEEPER BOOKS\",\"description\":\"\",\"publisher\":{\"@id\":\"https:\\\/\\\/lightkeeperbooks.com\\\/#organization\"},\"potentialAction\":[{\"@type\":\"SearchAction\",\"target\":{\"@type\":\"EntryPoint\",\"urlTemplate\":\"https:\\\/\\\/lightkeeperbooks.com\\\/?s={search_term_string}\"},\"query-input\":{\"@type\":\"PropertyValueSpecification\",\"valueRequired\":true,\"valueName\":\"search_term_string\"}}],\"inLanguage\":\"en-US\"},{\"@type\":\"Organization\",\"@id\":\"https:\\\/\\\/lightkeeperbooks.com\\\/#organization\",\"name\":\"LIGHTKEEPER BOOKS\",\"url\":\"https:\\\/\\\/lightkeeperbooks.com\\\/\",\"logo\":{\"@type\":\"ImageObject\",\"inLanguage\":\"en-US\",\"@id\":\"https:\\\/\\\/lightkeeperbooks.com\\\/#\\\/schema\\\/logo\\\/image\\\/\",\"url\":\"https:\\\/\\\/lightkeeperbooks.com\\\/wp-content\\\/uploads\\\/2023\\\/12\\\/LKP_Hrzt_Color.png\",\"contentUrl\":\"https:\\\/\\\/lightkeeperbooks.com\\\/wp-content\\\/uploads\\\/2023\\\/12\\\/LKP_Hrzt_Color.png\",\"width\":1837,\"height\":379,\"caption\":\"LIGHTKEEPER BOOKS\"},\"image\":{\"@id\":\"https:\\\/\\\/lightkeeperbooks.com\\\/#\\\/schema\\\/logo\\\/image\\\/\"},\"sameAs\":[\"https:\\\/\\\/www.facebook.com\\\/lightkeeperbooks\"]}]}<\/script>\n<!-- \/ Yoast SEO plugin. -->","yoast_head_json":{"title":"Emily Learn to Pray Translations - LIGHTKEEPER BOOKS","robots":{"index":"index","follow":"follow","max-snippet":"max-snippet:-1","max-image-preview":"max-image-preview:large","max-video-preview":"max-video-preview:-1"},"canonical":"https:\/\/lightkeeperbooks.com\/index.php\/emily-learns-to-pray-translations-2\/","og_locale":"en_US","og_type":"article","og_title":"Emily Learn to Pray Translations - LIGHTKEEPER BOOKS","og_description":"Emily Learn to Pray Translations Arabic \u0644\u064a\u0644\u0649 \u062a\u062a\u0639\u0644\u0645 \u0627\u0644\u0635\u0644\u0627\u0629 [Layla] \u0647\u0630\u0627 \u0627\u0644\u0643\u062a\u0627\u0628 \u0647\u0648 \u0647\u062f\u064a\u0629 \u0645\u062d\u0628\u0629\u060c \u0642\u064f\u062f\u0645\u062a \u0644\u0643 \u0637\u0648\u0639\u064b\u0627 \u0645\u0646 \u0645\u0624\u0645\u0646\u064a\u0646 \u0645\u062b\u0644\u0643. Bengali \u0986\u09af\u09bc\u09c7\u09b6\u09be \u09aa\u09cd\u09b0\u09be\u09b0\u09cd\u09a5\u09a8\u09be \u0995\u09b0\u09a4\u09c7 \u09b6\u09c7\u0996\u09c7 [Ayesha] \u098f\u0987 \u09ac\u0987\u099f\u09bf \u098f\u0995 \u09ad\u09be\u09b2\u09cb\u09ac\u09be\u09b8\u09be\u09b0 \u0989\u09aa\u09b9\u09be\u09b0, \u09af\u09c7\u099f\u09bf \u0986\u09aa\u09a8\u09be\u09b0 \u09ae\u09a4\u09cb \u09ac\u09bf\u09b6\u09cd\u09ac\u09be\u09b8\u09c0\u09a6\u09c7\u09b0 \u09a6\u09cd\u09ac\u09be\u09b0\u09be \u0986\u09a8\u09a8\u09cd\u09a6\u09c7\u09b0 \u09b8\u0999\u09cd\u0997\u09c7 \u09a6\u09c7\u0993\u09af\u09bc\u09be \u09b9\u09af\u09bc\u09c7\u099b\u09c7\u0964 Burmese \u1019\u1004\u103a\u1038\u1019\u1004\u103a\u1038 \u1006\u102f\u1010\u1031\u102c\u1004\u103a\u1038\u1010\u1010\u103a\u101c\u102c\u101e\u100a\u103a [Mya] \u1024\u1005\u102c\u1021\u102f\u1015\u103a\u101e\u100a\u103a \u101e\u1004\u103a\u1037\u101c\u102d\u102f\u101a\u102f\u1036\u1000\u103c\u100a\u103a\u101e\u1030\u1019\u103b\u102c\u1038\u1019\u103e \u1001\u103b\u1005\u103a\u1001\u103c\u1004\u103a\u1038\u1016\u103c\u1004\u1037\u103a \u1021\u1001\u1019\u1032\u1037\u1015\u1031\u1038\u1021\u1015\u103a\u101e\u1031\u102c\u101c\u1000\u103a\u1006\u1031\u102c\u1004\u103a\u1010\u1005\u103a\u1001\u102f\u1016\u103c\u1005\u103a\u101e\u100a\u103a\u104b Chin (Hakha) Lalbiakmawii cu thuthang kan [&hellip;]","og_url":"https:\/\/lightkeeperbooks.com\/index.php\/emily-learns-to-pray-translations-2\/","og_site_name":"LIGHTKEEPER BOOKS","article_publisher":"https:\/\/www.facebook.com\/lightkeeperbooks","twitter_card":"summary_large_image","twitter_misc":{"Est. reading time":"1 minute"},"schema":{"@context":"https:\/\/schema.org","@graph":[{"@type":"WebPage","@id":"https:\/\/lightkeeperbooks.com\/index.php\/emily-learns-to-pray-translations-2\/","url":"https:\/\/lightkeeperbooks.com\/index.php\/emily-learns-to-pray-translations-2\/","name":"Emily Learn to Pray Translations - LIGHTKEEPER BOOKS","isPartOf":{"@id":"https:\/\/lightkeeperbooks.com\/#website"},"datePublished":"2026-02-09T04:02:15+00:00","breadcrumb":{"@id":"https:\/\/lightkeeperbooks.com\/index.php\/emily-learns-to-pray-translations-2\/#breadcrumb"},"inLanguage":"en-US","potentialAction":[{"@type":"ReadAction","target":["https:\/\/lightkeeperbooks.com\/index.php\/emily-learns-to-pray-translations-2\/"]}]},{"@type":"BreadcrumbList","@id":"https:\/\/lightkeeperbooks.com\/index.php\/emily-learns-to-pray-translations-2\/#breadcrumb","itemListElement":[{"@type":"ListItem","position":1,"name":"Home","item":"https:\/\/lightkeeperbooks.com\/"},{"@type":"ListItem","position":2,"name":"Emily Learn to Pray Translations"}]},{"@type":"WebSite","@id":"https:\/\/lightkeeperbooks.com\/#website","url":"https:\/\/lightkeeperbooks.com\/","name":"LIGHTKEEPER BOOKS","description":"","publisher":{"@id":"https:\/\/lightkeeperbooks.com\/#organization"},"potentialAction":[{"@type":"SearchAction","target":{"@type":"EntryPoint","urlTemplate":"https:\/\/lightkeeperbooks.com\/?s={search_term_string}"},"query-input":{"@type":"PropertyValueSpecification","valueRequired":true,"valueName":"search_term_string"}}],"inLanguage":"en-US"},{"@type":"Organization","@id":"https:\/\/lightkeeperbooks.com\/#organization","name":"LIGHTKEEPER BOOKS","url":"https:\/\/lightkeeperbooks.com\/","logo":{"@type":"ImageObject","inLanguage":"en-US","@id":"https:\/\/lightkeeperbooks.com\/#\/schema\/logo\/image\/","url":"https:\/\/lightkeeperbooks.com\/wp-content\/uploads\/2023\/12\/LKP_Hrzt_Color.png","contentUrl":"https:\/\/lightkeeperbooks.com\/wp-content\/uploads\/2023\/12\/LKP_Hrzt_Color.png","width":1837,"height":379,"caption":"LIGHTKEEPER BOOKS"},"image":{"@id":"https:\/\/lightkeeperbooks.com\/#\/schema\/logo\/image\/"},"sameAs":["https:\/\/www.facebook.com\/lightkeeperbooks"]}]}},"lang":"en","translations":{"en":3421},"pll_sync_post":[],"_links":{"self":[{"href":"https:\/\/lightkeeperbooks.com\/index.php\/wp-json\/wp\/v2\/pages\/3421","targetHints":{"allow":["GET"]}}],"collection":[{"href":"https:\/\/lightkeeperbooks.com\/index.php\/wp-json\/wp\/v2\/pages"}],"about":[{"href":"https:\/\/lightkeeperbooks.com\/index.php\/wp-json\/wp\/v2\/types\/page"}],"author":[{"embeddable":true,"href":"https:\/\/lightkeeperbooks.com\/index.php\/wp-json\/wp\/v2\/users\/1"}],"replies":[{"embeddable":true,"href":"https:\/\/lightkeeperbooks.com\/index.php\/wp-json\/wp\/v2\/comments?post=3421"}],"version-history":[{"count":0,"href":"https:\/\/lightkeeperbooks.com\/index.php\/wp-json\/wp\/v2\/pages\/3421\/revisions"}],"wp:attachment":[{"href":"https:\/\/lightkeeperbooks.com\/index.php\/wp-json\/wp\/v2\/media?parent=3421"}],"curies":[{"name":"wp","href":"https:\/\/api.w.org\/{rel}","templated":true}]}}